{"id":12980,"date":"2025-12-19T18:23:52","date_gmt":"2025-12-19T17:23:52","guid":{"rendered":"https:\/\/www.coccigames.com\/?post_type=product&#038;p=12980"},"modified":"2026-04-06T09:28:28","modified_gmt":"2026-04-06T07:28:28","slug":"legions-imperialis-legiones-astartes-saturnine-battle-group","status":"publish","type":"product","link":"https:\/\/www.coccigames.com\/index.php\/produit\/legions-imperialis-legiones-astartes-saturnine-battle-group\/","title":{"rendered":"LEGIONES ASTARTES \u2013 SATURNINE BATTLE GROUP"},"content":{"rendered":"<p>L&rsquo;armure Terminator mod\u00e8le Saturnine constitue le pinacle de l&rsquo;innovation et de la technologie lorsqu&rsquo;il est question d&rsquo;infanterie lourde pour les Legiones Astartes. D\u00e9ploy\u00e9es en nombre, les unit\u00e9s Saturnine peuvent pratiquement tout affronter, avec leurs armes lourdes \u00e0 \u00e9nergie et leurs poings disrupteurs. Avec le soutien de Dreadnoughts Saturnine, d&rsquo;appareils volants et d&rsquo;armes lourdes, cela devient un v\u00e9ritable coup de marteau pour l&rsquo;ennemi.<\/p>\n<p>Cette bo\u00eete bien remplie est id\u00e9ale pour d\u00e9buter une nouvelle collection ou pour \u00e9tendre votre arm\u00e9e existante des Legiones Astartes avant de la d\u00e9cha\u00eener dans les parties de Legions Imperialis, et vous ferez des \u00e9conomies par rapport \u00e0 l&rsquo;achat des kits au d\u00e9tail. Cette force est b\u00e2tie autour d&rsquo;un noyau de Saturnine Terminators, de l&rsquo;infanterie lourde d&rsquo;\u00e9lite, capable d&rsquo;encaisser des quantit\u00e9s massives de tirs antipersonnel et d&rsquo;infliger assez de d\u00e9g\u00e2ts pour boxer bien au-dessus de sa cat\u00e9gorie. Avec le soutien de Saturnine Dreadnoughts, d&rsquo;artillerie, de chars, de transports et d&rsquo;engins a\u00e9riens, cela devient une arm\u00e9e polyvalente qui vous vaudra de belles victoires dans cette guerre civile accablante.<\/p>\n<p><strong>Le set inclut 76 figurines en plastique, qui se combinent pour obtenir 44 socles d&rsquo;infanterie ou v\u00e9hicules des Legiones Astartes:<\/strong><\/p>\n<p>\u2013\u00a012x Saturnine Terminator Squads<\/p>\n<p>\u2013 4x Saturnine Command Squads<\/p>\n<p>\u2013\u00a08x Saturnine Dreadnoughts<\/p>\n<p>\u2013 8x Araknae Weapons Platforms<\/p>\n<p>\u2013\u00a08x Vindicator Siege Tanks<\/p>\n<p>\u2013 2x Mastodon Super-heavy Assault Transports<\/p>\n<p>\u2013 2x Fire Raptors<\/p>\n<p>Ce kit s&rsquo;accompagne de 4x Planches de D\u00e9calcos des V\u00e9hicules des L\u00e9gions, comprenant chacune 1130x d\u00e9calcos de grande qualit\u00e9, et de 1x Planche de D\u00e9calcos des Appareils Volants des Legiones Astartes, comprenant 748 d\u00e9calcos de grande qualit\u00e9, afin de d\u00e9corer vos figurines. Il s&rsquo;y trouve des ic\u00f4nes pour chacune des 18 L\u00e9gions de l&rsquo;H\u00e9r\u00e9sie d&rsquo;Horus, ainsi que des chiffres et des symboles honorifiques.<\/p>\n<p>Ce kit est compos\u00e9 de 769 \u00e9l\u00e9ments en plastique, de 24x Socles Ronds Legions Imperialis de 32mm, de 2x Socles Volants Ronds Legions Imperialis de 40mm, de 4x Tiges \u00e0 Rotule, de 4x Planches de D\u00e9calcos des V\u00e9hicules des Legiones Astartes et de 1x Planche de D\u00e9calcos des Appareils Volants des Legiones Astartes. Ces figurines sont fournies non peintes et n\u00e9cessitent assemblage \u2013 nous recommandons d&#8217;employer la Colle Plastique Citadel et la peinture Citadel Colour.<\/p>\n","protected":false},"excerpt":{"rendered":"<p>L&rsquo;armure Terminator mod\u00e8le Saturnine constitue le pinacle de l&rsquo;innovation et de la technologie lorsqu&rsquo;il est question d&rsquo;infanterie lourde pour les Legiones Astartes. D\u00e9ploy\u00e9es en nombre, les unit\u00e9s Saturnine peuvent pratiquement tout affronter, avec leurs armes lourdes \u00e0 \u00e9nergie et leurs poings disrupteurs. Avec le soutien&hellip;<\/p>\n","protected":false},"featured_media":12981,"comment_status":"open","ping_status":"closed","template":"","meta":[],"product_brand":[23],"product_cat":[6185],"product_tag":[434,6184],"class_list":{"0":"post-12980","1":"product","2":"type-product","3":"status-publish","4":"has-post-thumbnail","6":"product_brand-games-workshop","7":"product_cat-legion-imperialis","8":"product_tag-generic","9":"product_tag-legion-imperialis","11":"first","12":"outofstock","13":"sale","14":"taxable","15":"shipping-taxable","16":"purchasable","17":"product-type-simple"},"yoast_head":"<!-- This site is optimized with the Yoast SEO plugin v26.4 - https:\/\/yoast.com\/wordpress\/plugins\/seo\/ -->\n<title>LEGIONES ASTARTES \u2013 SATURNINE BATTLE GROUP - Coccigames<\/title>\n<meta name=\"robots\" content=\"index, follow, max-snippet:-1, max-image-preview:large, max-video-preview:-1\" \/>\n<link rel=\"canonical\" href=\"https:\/\/www.coccigames.com\/index.php\/produit\/legions-imperialis-legiones-astartes-saturnine-battle-group\/\" \/>\n<meta property=\"og:locale\" content=\"fr_FR\" \/>\n<meta property=\"og:type\" content=\"article\" \/>\n<meta property=\"og:title\" content=\"LEGIONES ASTARTES \u2013 SATURNINE BATTLE GROUP - Coccigames\" \/>\n<meta property=\"og:description\" content=\"L&rsquo;armure Terminator mod\u00e8le Saturnine constitue le pinacle de l&rsquo;innovation et de la technologie lorsqu&rsquo;il est question d&rsquo;infanterie lourde pour les Legiones Astartes. D\u00e9ploy\u00e9es en nombre, les unit\u00e9s Saturnine peuvent pratiquement tout affronter, avec leurs armes lourdes \u00e0 \u00e9nergie et leurs poings disrupteurs. Avec le soutien&hellip;\" \/>\n<meta property=\"og:url\" content=\"https:\/\/www.coccigames.com\/index.php\/produit\/legions-imperialis-legiones-astartes-saturnine-battle-group\/\" \/>\n<meta property=\"og:site_name\" content=\"Coccigames\" \/>\n<meta property=\"article:modified_time\" content=\"2026-04-06T07:28:28+00:00\" \/>\n<meta property=\"og:image\" content=\"https:\/\/www.coccigames.com\/wp-content\/uploads\/2025\/12\/99122601021_LegionsImperialisSaturnineBattleGroupBox.jpg\" \/>\n\t<meta property=\"og:image:width\" content=\"918\" \/>\n\t<meta property=\"og:image:height\" content=\"948\" \/>\n\t<meta property=\"og:image:type\" content=\"image\/jpeg\" \/>\n<meta name=\"twitter:card\" content=\"summary_large_image\" \/>\n<meta name=\"twitter:label1\" content=\"Dur\u00e9e de lecture estim\u00e9e\" \/>\n\t<meta name=\"twitter:data1\" content=\"3 minutes\" \/>\n<script type=\"application\/ld+json\" class=\"yoast-schema-graph\">{\"@context\":\"https:\/\/schema.org\",\"@graph\":[{\"@type\":\"WebPage\",\"@id\":\"https:\/\/www.coccigames.com\/index.php\/produit\/legions-imperialis-legiones-astartes-saturnine-battle-group\/\",\"url\":\"https:\/\/www.coccigames.com\/index.php\/produit\/legions-imperialis-legiones-astartes-saturnine-battle-group\/\",\"name\":\"LEGIONES ASTARTES \u2013 SATURNINE BATTLE GROUP - Coccigames\",\"isPartOf\":{\"@id\":\"https:\/\/www.coccigames.com\/#website\"},\"primaryImageOfPage\":{\"@id\":\"https:\/\/www.coccigames.com\/index.php\/produit\/legions-imperialis-legiones-astartes-saturnine-battle-group\/#primaryimage\"},\"image\":{\"@id\":\"https:\/\/www.coccigames.com\/index.php\/produit\/legions-imperialis-legiones-astartes-saturnine-battle-group\/#primaryimage\"},\"thumbnailUrl\":\"https:\/\/www.coccigames.com\/wp-content\/uploads\/2025\/12\/99122601021_LegionsImperialisSaturnineBattleGroupBox.jpg\",\"datePublished\":\"2025-12-19T17:23:52+00:00\",\"dateModified\":\"2026-04-06T07:28:28+00:00\",\"breadcrumb\":{\"@id\":\"https:\/\/www.coccigames.com\/index.php\/produit\/legions-imperialis-legiones-astartes-saturnine-battle-group\/#breadcrumb\"},\"inLanguage\":\"fr-FR\",\"potentialAction\":[{\"@type\":\"ReadAction\",\"target\":[\"https:\/\/www.coccigames.com\/index.php\/produit\/legions-imperialis-legiones-astartes-saturnine-battle-group\/\"]}]},{\"@type\":\"ImageObject\",\"inLanguage\":\"fr-FR\",\"@id\":\"https:\/\/www.coccigames.com\/index.php\/produit\/legions-imperialis-legiones-astartes-saturnine-battle-group\/#primaryimage\",\"url\":\"https:\/\/www.coccigames.com\/wp-content\/uploads\/2025\/12\/99122601021_LegionsImperialisSaturnineBattleGroupBox.jpg\",\"contentUrl\":\"https:\/\/www.coccigames.com\/wp-content\/uploads\/2025\/12\/99122601021_LegionsImperialisSaturnineBattleGroupBox.jpg\",\"width\":918,\"height\":948},{\"@type\":\"BreadcrumbList\",\"@id\":\"https:\/\/www.coccigames.com\/index.php\/produit\/legions-imperialis-legiones-astartes-saturnine-battle-group\/#breadcrumb\",\"itemListElement\":[{\"@type\":\"ListItem\",\"position\":1,\"name\":\"Accueil\",\"item\":\"https:\/\/www.coccigames.com\/\"},{\"@type\":\"ListItem\",\"position\":2,\"name\":\"Boutique\",\"item\":\"https:\/\/www.coccigames.com\/index.php\/boutique\/\"},{\"@type\":\"ListItem\",\"position\":3,\"name\":\"LEGIONES ASTARTES \u2013 SATURNINE BATTLE GROUP\"}]},{\"@type\":\"WebSite\",\"@id\":\"https:\/\/www.coccigames.com\/#website\",\"url\":\"https:\/\/www.coccigames.com\/\",\"name\":\"Coccigames - Figurines et Peintures\",\"description\":\"Figurines et Peintures\",\"publisher\":{\"@id\":\"https:\/\/www.coccigames.com\/#organization\"},\"potentialAction\":[{\"@type\":\"SearchAction\",\"target\":{\"@type\":\"EntryPoint\",\"urlTemplate\":\"https:\/\/www.coccigames.com\/?s={search_term_string}\"},\"query-input\":{\"@type\":\"PropertyValueSpecification\",\"valueRequired\":true,\"valueName\":\"search_term_string\"}}],\"inLanguage\":\"fr-FR\"},{\"@type\":\"Organization\",\"@id\":\"https:\/\/www.coccigames.com\/#organization\",\"name\":\"Coccigames\",\"url\":\"https:\/\/www.coccigames.com\/\",\"logo\":{\"@type\":\"ImageObject\",\"inLanguage\":\"fr-FR\",\"@id\":\"https:\/\/www.coccigames.com\/#\/schema\/logo\/image\/\",\"url\":\"https:\/\/www.coccigames.com\/wp-content\/uploads\/2025\/12\/coccigames_logo_v5.png\",\"contentUrl\":\"https:\/\/www.coccigames.com\/wp-content\/uploads\/2025\/12\/coccigames_logo_v5.png\",\"width\":1768,\"height\":424,\"caption\":\"Coccigames\"},\"image\":{\"@id\":\"https:\/\/www.coccigames.com\/#\/schema\/logo\/image\/\"}}]}<\/script>\n<!-- \/ Yoast SEO plugin. -->","yoast_head_json":{"title":"LEGIONES ASTARTES \u2013 SATURNINE BATTLE GROUP - Coccigames","robots":{"index":"index","follow":"follow","max-snippet":"max-snippet:-1","max-image-preview":"max-image-preview:large","max-video-preview":"max-video-preview:-1"},"canonical":"https:\/\/www.coccigames.com\/index.php\/produit\/legions-imperialis-legiones-astartes-saturnine-battle-group\/","og_locale":"fr_FR","og_type":"article","og_title":"LEGIONES ASTARTES \u2013 SATURNINE BATTLE GROUP - Coccigames","og_description":"L&rsquo;armure Terminator mod\u00e8le Saturnine constitue le pinacle de l&rsquo;innovation et de la technologie lorsqu&rsquo;il est question d&rsquo;infanterie lourde pour les Legiones Astartes. D\u00e9ploy\u00e9es en nombre, les unit\u00e9s Saturnine peuvent pratiquement tout affronter, avec leurs armes lourdes \u00e0 \u00e9nergie et leurs poings disrupteurs. Avec le soutien&hellip;","og_url":"https:\/\/www.coccigames.com\/index.php\/produit\/legions-imperialis-legiones-astartes-saturnine-battle-group\/","og_site_name":"Coccigames","article_modified_time":"2026-04-06T07:28:28+00:00","og_image":[{"width":918,"height":948,"url":"https:\/\/www.coccigames.com\/wp-content\/uploads\/2025\/12\/99122601021_LegionsImperialisSaturnineBattleGroupBox.jpg","type":"image\/jpeg"}],"twitter_card":"summary_large_image","twitter_misc":{"Dur\u00e9e de lecture estim\u00e9e":"3 minutes"},"schema":{"@context":"https:\/\/schema.org","@graph":[{"@type":"WebPage","@id":"https:\/\/www.coccigames.com\/index.php\/produit\/legions-imperialis-legiones-astartes-saturnine-battle-group\/","url":"https:\/\/www.coccigames.com\/index.php\/produit\/legions-imperialis-legiones-astartes-saturnine-battle-group\/","name":"LEGIONES ASTARTES \u2013 SATURNINE BATTLE GROUP - Coccigames","isPartOf":{"@id":"https:\/\/www.coccigames.com\/#website"},"primaryImageOfPage":{"@id":"https:\/\/www.coccigames.com\/index.php\/produit\/legions-imperialis-legiones-astartes-saturnine-battle-group\/#primaryimage"},"image":{"@id":"https:\/\/www.coccigames.com\/index.php\/produit\/legions-imperialis-legiones-astartes-saturnine-battle-group\/#primaryimage"},"thumbnailUrl":"https:\/\/www.coccigames.com\/wp-content\/uploads\/2025\/12\/99122601021_LegionsImperialisSaturnineBattleGroupBox.jpg","datePublished":"2025-12-19T17:23:52+00:00","dateModified":"2026-04-06T07:28:28+00:00","breadcrumb":{"@id":"https:\/\/www.coccigames.com\/index.php\/produit\/legions-imperialis-legiones-astartes-saturnine-battle-group\/#breadcrumb"},"inLanguage":"fr-FR","potentialAction":[{"@type":"ReadAction","target":["https:\/\/www.coccigames.com\/index.php\/produit\/legions-imperialis-legiones-astartes-saturnine-battle-group\/"]}]},{"@type":"ImageObject","inLanguage":"fr-FR","@id":"https:\/\/www.coccigames.com\/index.php\/produit\/legions-imperialis-legiones-astartes-saturnine-battle-group\/#primaryimage","url":"https:\/\/www.coccigames.com\/wp-content\/uploads\/2025\/12\/99122601021_LegionsImperialisSaturnineBattleGroupBox.jpg","contentUrl":"https:\/\/www.coccigames.com\/wp-content\/uploads\/2025\/12\/99122601021_LegionsImperialisSaturnineBattleGroupBox.jpg","width":918,"height":948},{"@type":"BreadcrumbList","@id":"https:\/\/www.coccigames.com\/index.php\/produit\/legions-imperialis-legiones-astartes-saturnine-battle-group\/#breadcrumb","itemListElement":[{"@type":"ListItem","position":1,"name":"Accueil","item":"https:\/\/www.coccigames.com\/"},{"@type":"ListItem","position":2,"name":"Boutique","item":"https:\/\/www.coccigames.com\/index.php\/boutique\/"},{"@type":"ListItem","position":3,"name":"LEGIONES ASTARTES \u2013 SATURNINE BATTLE GROUP"}]},{"@type":"WebSite","@id":"https:\/\/www.coccigames.com\/#website","url":"https:\/\/www.coccigames.com\/","name":"Coccigames - Figurines et Peintures","description":"Figurines et Peintures","publisher":{"@id":"https:\/\/www.coccigames.com\/#organization"},"potentialAction":[{"@type":"SearchAction","target":{"@type":"EntryPoint","urlTemplate":"https:\/\/www.coccigames.com\/?s={search_term_string}"},"query-input":{"@type":"PropertyValueSpecification","valueRequired":true,"valueName":"search_term_string"}}],"inLanguage":"fr-FR"},{"@type":"Organization","@id":"https:\/\/www.coccigames.com\/#organization","name":"Coccigames","url":"https:\/\/www.coccigames.com\/","logo":{"@type":"ImageObject","inLanguage":"fr-FR","@id":"https:\/\/www.coccigames.com\/#\/schema\/logo\/image\/","url":"https:\/\/www.coccigames.com\/wp-content\/uploads\/2025\/12\/coccigames_logo_v5.png","contentUrl":"https:\/\/www.coccigames.com\/wp-content\/uploads\/2025\/12\/coccigames_logo_v5.png","width":1768,"height":424,"caption":"Coccigames"},"image":{"@id":"https:\/\/www.coccigames.com\/#\/schema\/logo\/image\/"}}]}},"_links":{"self":[{"href":"https:\/\/www.coccigames.com\/index.php\/wp-json\/wp\/v2\/product\/12980","targetHints":{"allow":["GET"]}}],"collection":[{"href":"https:\/\/www.coccigames.com\/index.php\/wp-json\/wp\/v2\/product"}],"about":[{"href":"https:\/\/www.coccigames.com\/index.php\/wp-json\/wp\/v2\/types\/product"}],"replies":[{"embeddable":true,"href":"https:\/\/www.coccigames.com\/index.php\/wp-json\/wp\/v2\/comments?post=12980"}],"wp:featuredmedia":[{"embeddable":true,"href":"https:\/\/www.coccigames.com\/index.php\/wp-json\/wp\/v2\/media\/12981"}],"wp:attachment":[{"href":"https:\/\/www.coccigames.com\/index.php\/wp-json\/wp\/v2\/media?parent=12980"}],"wp:term":[{"taxonomy":"product_brand","embeddable":true,"href":"https:\/\/www.coccigames.com\/index.php\/wp-json\/wp\/v2\/product_brand?post=12980"},{"taxonomy":"product_cat","embeddable":true,"href":"https:\/\/www.coccigames.com\/index.php\/wp-json\/wp\/v2\/product_cat?post=12980"},{"taxonomy":"product_tag","embeddable":true,"href":"https:\/\/www.coccigames.com\/index.php\/wp-json\/wp\/v2\/product_tag?post=12980"}],"curies":[{"name":"wp","href":"https:\/\/api.w.org\/{rel}","templated":true}]}}