{"id":12975,"date":"2025-12-18T21:10:55","date_gmt":"2025-12-18T20:10:55","guid":{"rendered":"https:\/\/www.coccigames.com\/?post_type=product&#038;p=12975"},"modified":"2026-04-06T09:28:27","modified_gmt":"2026-04-06T07:28:27","slug":"horus-heresy-liber-hereticus-francais","status":"publish","type":"product","link":"https:\/\/www.coccigames.com\/index.php\/produit\/horus-heresy-liber-hereticus-francais\/","title":{"rendered":"HORUS HERESY: LIBER HERETICUS (FRANCAIS)"},"content":{"rendered":"<p>Les L\u00e9gions Space Marines du 31e Mill\u00e9naire alignent une grande vari\u00e9t\u00e9 de combattants g\u00e9n\u00e9tiquement am\u00e9lior\u00e9s et de machines de guerre perfectionn\u00e9es, qui surpassent toutes les autres forces militaires de la galaxie. \u00c0 l&rsquo;heure o\u00f9 un \u00c2ge des T\u00e9n\u00e8bres s&rsquo;abat \u00e0 travers les \u00e9toiles, et o\u00f9 les feux de la r\u00e9bellion \u00e9chappent \u00e0 tout contr\u00f4le, les arm\u00e9es qui furent employ\u00e9es \u00e0 forger l&rsquo;Imperium se retournent les unes contre les autres dans une guerre civile apocalyptique: l&rsquo;H\u00e9r\u00e9sie d&rsquo;Horus.<\/p>\n<p>Ce livre est un guide essentiel pour tous ceux qui souhaitent commander une arm\u00e9e des HORUS HERESY: Ren\u00e9gates \u00e0 Warhammer: The Horus Heresy. Il contient les r\u00e8gles n\u00e9cessaires pour mobiliser le vaste \u00e9ventail d&rsquo;unit\u00e9s dont disposent les forces Ren\u00e9gates: celles des escouades de base, des v\u00e9hicules et des armes que partagent toutes les L\u00e9gions Space Marines, mais aussi des r\u00e8gles sp\u00e9cialis\u00e9es pour chacune des L\u00e9gions Ren\u00e9gates, incluant des D\u00e9tachements, de l&rsquo;\u00c9quipement unique, des unit\u00e9s qui leur sont propres, et leurs l\u00e9gendaires Primarques.<\/p>\n<p><strong>Ce livre reli\u00e9 de 348 pages contient:<\/strong><\/p>\n<p>\u2013 <strong>De l&rsquo;historique:<\/strong> Des informations sur les HORUS HERESY:, leur organisation, et des exemples de leurs forces.<\/p>\n<p>\u2013 <strong>Les r\u00e8gles et profils d&rsquo;unit\u00e9s:<\/strong> Un guide sur la composition d&rsquo;arm\u00e9e, ainsi que les r\u00e8gles des unit\u00e9s, des armes, et de l&rsquo;\u00c9quipement dont disposent les HORUS HERESY: Ren\u00e9gates dans Warhammer: The Horus Heresy.<\/p>\n<p>\u2013 <strong>Les r\u00e8gles sp\u00e9ciales sp\u00e9cifiques aux L\u00e9gions:<\/strong> Profils d&rsquo;unit\u00e9, D\u00e9tachements, Postures, \u00c9quipement, Traits de Faction et R\u00e9actions pour chacune des L\u00e9gions Ren\u00e9gates: les Emperor&rsquo;s Children, les Iron Warriors, les Night Lords, les World Eaters, la Death Guard, les Thousand Sons, les Sons of Horus, les Word Bearers et l&rsquo;Alpha Legion.<\/p>\n<p>\u2013 <strong>Les profils des Primarques:<\/strong> Des r\u00e8gles pour d\u00e9cha\u00eener Fulgrim, Perturabo, Konrad Curze, Angron, Mortarion, Magnus le Rouge, Horus Lupercal, Lorgar et Alpharius sur le champ de bataille.<\/p>\n<p>\u2013 <strong>Des pages de visuels:<\/strong> Les marquages h\u00e9raldiques, les sch\u00e9mas de couleurs de l&rsquo;infanterie et des v\u00e9hicules, et une galerie de figurines saisissantes pour chaque L\u00e9gion Ren\u00e9gate.<\/p>\n<p>\u2013 <strong>Quelques Loyalistes malgr\u00e9 tout:<\/strong> Les r\u00e8gles de Saul Tarvitz et de Garviel Loken, afin de pouvoir constituer des forces rest\u00e9es fid\u00e8les \u00e0 l&rsquo;Empereur.<\/p>\n<p>Vous aurez besoin d&rsquo;un exemplaire du <i>Livre de R\u00e8gles Warhammer: The Horus Heresy \u2013 L&rsquo;\u00c2ge des T\u00e9n\u00e8bres<\/i>, disponible s\u00e9par\u00e9ment, pour utiliser pleinement le contenu de ce livre.<\/p>\n","protected":false},"excerpt":{"rendered":"<p>Les L\u00e9gions Space Marines du 31e Mill\u00e9naire alignent une grande vari\u00e9t\u00e9 de combattants g\u00e9n\u00e9tiquement am\u00e9lior\u00e9s et de machines de guerre perfectionn\u00e9es, qui surpassent toutes les autres forces militaires de la galaxie. \u00c0 l&rsquo;heure o\u00f9 un \u00c2ge des T\u00e9n\u00e8bres s&rsquo;abat \u00e0 travers les \u00e9toiles, et o\u00f9&hellip;<\/p>\n","protected":false},"featured_media":12977,"comment_status":"closed","ping_status":"closed","template":"","meta":[],"product_brand":[23],"product_cat":[6230],"product_tag":[129],"class_list":{"0":"post-12975","1":"product","2":"type-product","3":"status-publish","4":"has-post-thumbnail","6":"product_brand-games-workshop","7":"product_cat-astartes","8":"product_tag-livre","10":"first","11":"onbackorder","12":"sale","13":"taxable","14":"shipping-taxable","15":"purchasable","16":"product-type-simple"},"yoast_head":"<!-- This site is optimized with the Yoast SEO plugin v26.4 - https:\/\/yoast.com\/wordpress\/plugins\/seo\/ -->\n<title>HORUS HERESY: LIBER HERETICUS (FRANCAIS) - Coccigames<\/title>\n<meta name=\"robots\" content=\"index, follow, max-snippet:-1, max-image-preview:large, max-video-preview:-1\" \/>\n<link rel=\"canonical\" href=\"https:\/\/www.coccigames.com\/index.php\/produit\/horus-heresy-liber-hereticus-francais\/\" \/>\n<meta property=\"og:locale\" content=\"fr_FR\" \/>\n<meta property=\"og:type\" content=\"article\" \/>\n<meta property=\"og:title\" content=\"HORUS HERESY: LIBER HERETICUS (FRANCAIS) - Coccigames\" \/>\n<meta property=\"og:description\" content=\"Les L\u00e9gions Space Marines du 31e Mill\u00e9naire alignent une grande vari\u00e9t\u00e9 de combattants g\u00e9n\u00e9tiquement am\u00e9lior\u00e9s et de machines de guerre perfectionn\u00e9es, qui surpassent toutes les autres forces militaires de la galaxie. \u00c0 l&rsquo;heure o\u00f9 un \u00c2ge des T\u00e9n\u00e8bres s&rsquo;abat \u00e0 travers les \u00e9toiles, et o\u00f9&hellip;\" \/>\n<meta property=\"og:url\" content=\"https:\/\/www.coccigames.com\/index.php\/produit\/horus-heresy-liber-hereticus-francais\/\" \/>\n<meta property=\"og:site_name\" content=\"Coccigames\" \/>\n<meta property=\"article:modified_time\" content=\"2026-04-06T07:28:27+00:00\" \/>\n<meta property=\"og:image\" content=\"https:\/\/www.coccigames.com\/wp-content\/uploads\/2025\/12\/01043099015_FREHorusHeresyLiberHereticusCodex1.jpg\" \/>\n\t<meta property=\"og:image:width\" content=\"918\" \/>\n\t<meta property=\"og:image:height\" content=\"948\" \/>\n\t<meta property=\"og:image:type\" content=\"image\/jpeg\" \/>\n<meta name=\"twitter:card\" content=\"summary_large_image\" \/>\n<meta name=\"twitter:label1\" content=\"Dur\u00e9e de lecture estim\u00e9e\" \/>\n\t<meta name=\"twitter:data1\" content=\"3 minutes\" \/>\n<script type=\"application\/ld+json\" class=\"yoast-schema-graph\">{\"@context\":\"https:\/\/schema.org\",\"@graph\":[{\"@type\":\"WebPage\",\"@id\":\"https:\/\/www.coccigames.com\/index.php\/produit\/horus-heresy-liber-hereticus-francais\/\",\"url\":\"https:\/\/www.coccigames.com\/index.php\/produit\/horus-heresy-liber-hereticus-francais\/\",\"name\":\"HORUS HERESY: LIBER HERETICUS (FRANCAIS) - Coccigames\",\"isPartOf\":{\"@id\":\"https:\/\/www.coccigames.com\/#website\"},\"primaryImageOfPage\":{\"@id\":\"https:\/\/www.coccigames.com\/index.php\/produit\/horus-heresy-liber-hereticus-francais\/#primaryimage\"},\"image\":{\"@id\":\"https:\/\/www.coccigames.com\/index.php\/produit\/horus-heresy-liber-hereticus-francais\/#primaryimage\"},\"thumbnailUrl\":\"https:\/\/www.coccigames.com\/wp-content\/uploads\/2025\/12\/01043099015_FREHorusHeresyLiberHereticusCodex1.jpg\",\"datePublished\":\"2025-12-18T20:10:55+00:00\",\"dateModified\":\"2026-04-06T07:28:27+00:00\",\"breadcrumb\":{\"@id\":\"https:\/\/www.coccigames.com\/index.php\/produit\/horus-heresy-liber-hereticus-francais\/#breadcrumb\"},\"inLanguage\":\"fr-FR\",\"potentialAction\":[{\"@type\":\"ReadAction\",\"target\":[\"https:\/\/www.coccigames.com\/index.php\/produit\/horus-heresy-liber-hereticus-francais\/\"]}]},{\"@type\":\"ImageObject\",\"inLanguage\":\"fr-FR\",\"@id\":\"https:\/\/www.coccigames.com\/index.php\/produit\/horus-heresy-liber-hereticus-francais\/#primaryimage\",\"url\":\"https:\/\/www.coccigames.com\/wp-content\/uploads\/2025\/12\/01043099015_FREHorusHeresyLiberHereticusCodex1.jpg\",\"contentUrl\":\"https:\/\/www.coccigames.com\/wp-content\/uploads\/2025\/12\/01043099015_FREHorusHeresyLiberHereticusCodex1.jpg\",\"width\":918,\"height\":948},{\"@type\":\"BreadcrumbList\",\"@id\":\"https:\/\/www.coccigames.com\/index.php\/produit\/horus-heresy-liber-hereticus-francais\/#breadcrumb\",\"itemListElement\":[{\"@type\":\"ListItem\",\"position\":1,\"name\":\"Accueil\",\"item\":\"https:\/\/www.coccigames.com\/\"},{\"@type\":\"ListItem\",\"position\":2,\"name\":\"Boutique\",\"item\":\"https:\/\/www.coccigames.com\/index.php\/boutique\/\"},{\"@type\":\"ListItem\",\"position\":3,\"name\":\"HORUS HERESY: LIBER HERETICUS (FRANCAIS)\"}]},{\"@type\":\"WebSite\",\"@id\":\"https:\/\/www.coccigames.com\/#website\",\"url\":\"https:\/\/www.coccigames.com\/\",\"name\":\"Coccigames - Figurines et Peintures\",\"description\":\"Figurines et Peintures\",\"publisher\":{\"@id\":\"https:\/\/www.coccigames.com\/#organization\"},\"potentialAction\":[{\"@type\":\"SearchAction\",\"target\":{\"@type\":\"EntryPoint\",\"urlTemplate\":\"https:\/\/www.coccigames.com\/?s={search_term_string}\"},\"query-input\":{\"@type\":\"PropertyValueSpecification\",\"valueRequired\":true,\"valueName\":\"search_term_string\"}}],\"inLanguage\":\"fr-FR\"},{\"@type\":\"Organization\",\"@id\":\"https:\/\/www.coccigames.com\/#organization\",\"name\":\"Coccigames\",\"url\":\"https:\/\/www.coccigames.com\/\",\"logo\":{\"@type\":\"ImageObject\",\"inLanguage\":\"fr-FR\",\"@id\":\"https:\/\/www.coccigames.com\/#\/schema\/logo\/image\/\",\"url\":\"https:\/\/www.coccigames.com\/wp-content\/uploads\/2025\/12\/coccigames_logo_v5.png\",\"contentUrl\":\"https:\/\/www.coccigames.com\/wp-content\/uploads\/2025\/12\/coccigames_logo_v5.png\",\"width\":1768,\"height\":424,\"caption\":\"Coccigames\"},\"image\":{\"@id\":\"https:\/\/www.coccigames.com\/#\/schema\/logo\/image\/\"}}]}<\/script>\n<!-- \/ Yoast SEO plugin. -->","yoast_head_json":{"title":"HORUS HERESY: LIBER HERETICUS (FRANCAIS) - Coccigames","robots":{"index":"index","follow":"follow","max-snippet":"max-snippet:-1","max-image-preview":"max-image-preview:large","max-video-preview":"max-video-preview:-1"},"canonical":"https:\/\/www.coccigames.com\/index.php\/produit\/horus-heresy-liber-hereticus-francais\/","og_locale":"fr_FR","og_type":"article","og_title":"HORUS HERESY: LIBER HERETICUS (FRANCAIS) - Coccigames","og_description":"Les L\u00e9gions Space Marines du 31e Mill\u00e9naire alignent une grande vari\u00e9t\u00e9 de combattants g\u00e9n\u00e9tiquement am\u00e9lior\u00e9s et de machines de guerre perfectionn\u00e9es, qui surpassent toutes les autres forces militaires de la galaxie. \u00c0 l&rsquo;heure o\u00f9 un \u00c2ge des T\u00e9n\u00e8bres s&rsquo;abat \u00e0 travers les \u00e9toiles, et o\u00f9&hellip;","og_url":"https:\/\/www.coccigames.com\/index.php\/produit\/horus-heresy-liber-hereticus-francais\/","og_site_name":"Coccigames","article_modified_time":"2026-04-06T07:28:27+00:00","og_image":[{"width":918,"height":948,"url":"https:\/\/www.coccigames.com\/wp-content\/uploads\/2025\/12\/01043099015_FREHorusHeresyLiberHereticusCodex1.jpg","type":"image\/jpeg"}],"twitter_card":"summary_large_image","twitter_misc":{"Dur\u00e9e de lecture estim\u00e9e":"3 minutes"},"schema":{"@context":"https:\/\/schema.org","@graph":[{"@type":"WebPage","@id":"https:\/\/www.coccigames.com\/index.php\/produit\/horus-heresy-liber-hereticus-francais\/","url":"https:\/\/www.coccigames.com\/index.php\/produit\/horus-heresy-liber-hereticus-francais\/","name":"HORUS HERESY: LIBER HERETICUS (FRANCAIS) - Coccigames","isPartOf":{"@id":"https:\/\/www.coccigames.com\/#website"},"primaryImageOfPage":{"@id":"https:\/\/www.coccigames.com\/index.php\/produit\/horus-heresy-liber-hereticus-francais\/#primaryimage"},"image":{"@id":"https:\/\/www.coccigames.com\/index.php\/produit\/horus-heresy-liber-hereticus-francais\/#primaryimage"},"thumbnailUrl":"https:\/\/www.coccigames.com\/wp-content\/uploads\/2025\/12\/01043099015_FREHorusHeresyLiberHereticusCodex1.jpg","datePublished":"2025-12-18T20:10:55+00:00","dateModified":"2026-04-06T07:28:27+00:00","breadcrumb":{"@id":"https:\/\/www.coccigames.com\/index.php\/produit\/horus-heresy-liber-hereticus-francais\/#breadcrumb"},"inLanguage":"fr-FR","potentialAction":[{"@type":"ReadAction","target":["https:\/\/www.coccigames.com\/index.php\/produit\/horus-heresy-liber-hereticus-francais\/"]}]},{"@type":"ImageObject","inLanguage":"fr-FR","@id":"https:\/\/www.coccigames.com\/index.php\/produit\/horus-heresy-liber-hereticus-francais\/#primaryimage","url":"https:\/\/www.coccigames.com\/wp-content\/uploads\/2025\/12\/01043099015_FREHorusHeresyLiberHereticusCodex1.jpg","contentUrl":"https:\/\/www.coccigames.com\/wp-content\/uploads\/2025\/12\/01043099015_FREHorusHeresyLiberHereticusCodex1.jpg","width":918,"height":948},{"@type":"BreadcrumbList","@id":"https:\/\/www.coccigames.com\/index.php\/produit\/horus-heresy-liber-hereticus-francais\/#breadcrumb","itemListElement":[{"@type":"ListItem","position":1,"name":"Accueil","item":"https:\/\/www.coccigames.com\/"},{"@type":"ListItem","position":2,"name":"Boutique","item":"https:\/\/www.coccigames.com\/index.php\/boutique\/"},{"@type":"ListItem","position":3,"name":"HORUS HERESY: LIBER HERETICUS (FRANCAIS)"}]},{"@type":"WebSite","@id":"https:\/\/www.coccigames.com\/#website","url":"https:\/\/www.coccigames.com\/","name":"Coccigames - Figurines et Peintures","description":"Figurines et Peintures","publisher":{"@id":"https:\/\/www.coccigames.com\/#organization"},"potentialAction":[{"@type":"SearchAction","target":{"@type":"EntryPoint","urlTemplate":"https:\/\/www.coccigames.com\/?s={search_term_string}"},"query-input":{"@type":"PropertyValueSpecification","valueRequired":true,"valueName":"search_term_string"}}],"inLanguage":"fr-FR"},{"@type":"Organization","@id":"https:\/\/www.coccigames.com\/#organization","name":"Coccigames","url":"https:\/\/www.coccigames.com\/","logo":{"@type":"ImageObject","inLanguage":"fr-FR","@id":"https:\/\/www.coccigames.com\/#\/schema\/logo\/image\/","url":"https:\/\/www.coccigames.com\/wp-content\/uploads\/2025\/12\/coccigames_logo_v5.png","contentUrl":"https:\/\/www.coccigames.com\/wp-content\/uploads\/2025\/12\/coccigames_logo_v5.png","width":1768,"height":424,"caption":"Coccigames"},"image":{"@id":"https:\/\/www.coccigames.com\/#\/schema\/logo\/image\/"}}]}},"_links":{"self":[{"href":"https:\/\/www.coccigames.com\/index.php\/wp-json\/wp\/v2\/product\/12975","targetHints":{"allow":["GET"]}}],"collection":[{"href":"https:\/\/www.coccigames.com\/index.php\/wp-json\/wp\/v2\/product"}],"about":[{"href":"https:\/\/www.coccigames.com\/index.php\/wp-json\/wp\/v2\/types\/product"}],"replies":[{"embeddable":true,"href":"https:\/\/www.coccigames.com\/index.php\/wp-json\/wp\/v2\/comments?post=12975"}],"wp:featuredmedia":[{"embeddable":true,"href":"https:\/\/www.coccigames.com\/index.php\/wp-json\/wp\/v2\/media\/12977"}],"wp:attachment":[{"href":"https:\/\/www.coccigames.com\/index.php\/wp-json\/wp\/v2\/media?parent=12975"}],"wp:term":[{"taxonomy":"product_brand","embeddable":true,"href":"https:\/\/www.coccigames.com\/index.php\/wp-json\/wp\/v2\/product_brand?post=12975"},{"taxonomy":"product_cat","embeddable":true,"href":"https:\/\/www.coccigames.com\/index.php\/wp-json\/wp\/v2\/product_cat?post=12975"},{"taxonomy":"product_tag","embeddable":true,"href":"https:\/\/www.coccigames.com\/index.php\/wp-json\/wp\/v2\/product_tag?post=12975"}],"curies":[{"name":"wp","href":"https:\/\/api.w.org\/{rel}","templated":true}]}}