{"id":12912,"date":"2025-12-10T15:38:13","date_gmt":"2025-12-10T14:38:13","guid":{"rendered":"https:\/\/www.coccigames.com\/index.php\/produit\/dropfleet-commander-ucm-launch-assets\/"},"modified":"2026-04-06T09:28:27","modified_gmt":"2026-04-06T07:28:27","slug":"dropfleet-commander-ucm-launch-assets","status":"publish","type":"product","link":"https:\/\/www.coccigames.com\/index.php\/produit\/dropfleet-commander-ucm-launch-assets\/","title":{"rendered":"DROPFLEET COMMANDER &#8211; UCM LAUNCH ASSETS"},"content":{"rendered":"<p>Les unit\u00e9s de lancement (chasseurs, bombardiers et torpilleurs) sont des \u00e9l\u00e9ments importants dans les parties de Dropfleet Commander, tant pour prot\u00e9ger vos vaisseaux que pour an\u00e9antir vos adversaires !<\/p>\n<p>Elles ajoutent beaucoup \u00e0 l&rsquo;aspect et \u00e0 l&rsquo;ambiance de votre flotte, am\u00e9liorant l&rsquo;exp\u00e9rience de jeu en rempla\u00e7ant les jetons en carton fournis dans le kit de d\u00e9marrage. Chacun de ces appareils est moul\u00e9 avec un support de vol int\u00e9gr\u00e9 \u00e0 fixer \u00e0 sa base, ce qui facilite l&rsquo;assemblage.<\/p>\n<p><em>Cette bo\u00eete comprend :<\/em><\/p>\n<p><em>&#8211; 8 socles de 3 bombardiers<\/em><\/p>\n<p><em>&#8211; 6 socles de 5 chasseurs<\/em><\/p>\n<p><em>&#8211; 2 socles de 1 torpille<\/em><\/p>\n<p>La taille des socles est de 20 mm x 20 mm.<\/p>\n<p>Les figurines sont fournies non peintes et non assembl\u00e9es. Ce kit n\u00e9cessite un nettoyage et un assemblage. Les figurines en plastique doivent \u00eatre assembl\u00e9es \u00e0 l&rsquo;aide de colle plastique.<\/p>\n","protected":false},"excerpt":{"rendered":"<p>Les unit\u00e9s de lancement (chasseurs, bombardiers et torpilleurs) sont des \u00e9l\u00e9ments importants dans les parties de Dropfleet Commander, tant pour prot\u00e9ger vos vaisseaux que pour an\u00e9antir vos adversaires ! Elles ajoutent beaucoup \u00e0 l&rsquo;aspect et \u00e0 l&rsquo;ambiance de votre flotte, am\u00e9liorant l&rsquo;exp\u00e9rience de jeu en&hellip;<\/p>\n","protected":false},"featured_media":12956,"comment_status":"open","ping_status":"closed","template":"","meta":[],"product_brand":[431],"product_cat":[430],"product_tag":[],"class_list":{"0":"post-12912","1":"product","2":"type-product","3":"status-publish","4":"has-post-thumbnail","6":"product_brand-dropfleet-commander","7":"product_cat-dropfleet-commander","9":"first","10":"onbackorder","11":"sale","12":"taxable","13":"shipping-taxable","14":"purchasable","15":"product-type-simple"},"yoast_head":"<!-- This site is optimized with the Yoast SEO plugin v26.4 - https:\/\/yoast.com\/wordpress\/plugins\/seo\/ -->\n<title>DROPFLEET COMMANDER - UCM LAUNCH ASSETS - Coccigames<\/title>\n<meta name=\"robots\" content=\"index, follow, max-snippet:-1, max-image-preview:large, max-video-preview:-1\" \/>\n<link rel=\"canonical\" href=\"https:\/\/www.coccigames.com\/index.php\/produit\/dropfleet-commander-ucm-launch-assets\/\" \/>\n<meta property=\"og:locale\" content=\"fr_FR\" \/>\n<meta property=\"og:type\" content=\"article\" \/>\n<meta property=\"og:title\" content=\"DROPFLEET COMMANDER - UCM LAUNCH ASSETS - Coccigames\" \/>\n<meta property=\"og:description\" content=\"Les unit\u00e9s de lancement (chasseurs, bombardiers et torpilleurs) sont des \u00e9l\u00e9ments importants dans les parties de Dropfleet Commander, tant pour prot\u00e9ger vos vaisseaux que pour an\u00e9antir vos adversaires ! Elles ajoutent beaucoup \u00e0 l&rsquo;aspect et \u00e0 l&rsquo;ambiance de votre flotte, am\u00e9liorant l&rsquo;exp\u00e9rience de jeu en&hellip;\" \/>\n<meta property=\"og:url\" content=\"https:\/\/www.coccigames.com\/index.php\/produit\/dropfleet-commander-ucm-launch-assets\/\" \/>\n<meta property=\"og:site_name\" content=\"Coccigames\" \/>\n<meta property=\"article:modified_time\" content=\"2026-04-06T07:28:27+00:00\" \/>\n<meta property=\"og:image\" content=\"https:\/\/www.coccigames.com\/wp-content\/uploads\/2025\/12\/dropfleet-commander-ucm-launch-assets.jpg\" \/>\n\t<meta property=\"og:image:width\" content=\"800\" \/>\n\t<meta property=\"og:image:height\" content=\"800\" \/>\n\t<meta property=\"og:image:type\" content=\"image\/jpeg\" \/>\n<meta name=\"twitter:card\" content=\"summary_large_image\" \/>\n<meta name=\"twitter:label1\" content=\"Dur\u00e9e de lecture estim\u00e9e\" \/>\n\t<meta name=\"twitter:data1\" content=\"1 minute\" \/>\n<script type=\"application\/ld+json\" class=\"yoast-schema-graph\">{\"@context\":\"https:\/\/schema.org\",\"@graph\":[{\"@type\":\"WebPage\",\"@id\":\"https:\/\/www.coccigames.com\/index.php\/produit\/dropfleet-commander-ucm-launch-assets\/\",\"url\":\"https:\/\/www.coccigames.com\/index.php\/produit\/dropfleet-commander-ucm-launch-assets\/\",\"name\":\"DROPFLEET COMMANDER - UCM LAUNCH ASSETS - Coccigames\",\"isPartOf\":{\"@id\":\"https:\/\/www.coccigames.com\/#website\"},\"primaryImageOfPage\":{\"@id\":\"https:\/\/www.coccigames.com\/index.php\/produit\/dropfleet-commander-ucm-launch-assets\/#primaryimage\"},\"image\":{\"@id\":\"https:\/\/www.coccigames.com\/index.php\/produit\/dropfleet-commander-ucm-launch-assets\/#primaryimage\"},\"thumbnailUrl\":\"https:\/\/www.coccigames.com\/wp-content\/uploads\/2025\/12\/dropfleet-commander-ucm-launch-assets.jpg\",\"datePublished\":\"2025-12-10T14:38:13+00:00\",\"dateModified\":\"2026-04-06T07:28:27+00:00\",\"breadcrumb\":{\"@id\":\"https:\/\/www.coccigames.com\/index.php\/produit\/dropfleet-commander-ucm-launch-assets\/#breadcrumb\"},\"inLanguage\":\"fr-FR\",\"potentialAction\":[{\"@type\":\"ReadAction\",\"target\":[\"https:\/\/www.coccigames.com\/index.php\/produit\/dropfleet-commander-ucm-launch-assets\/\"]}]},{\"@type\":\"ImageObject\",\"inLanguage\":\"fr-FR\",\"@id\":\"https:\/\/www.coccigames.com\/index.php\/produit\/dropfleet-commander-ucm-launch-assets\/#primaryimage\",\"url\":\"https:\/\/www.coccigames.com\/wp-content\/uploads\/2025\/12\/dropfleet-commander-ucm-launch-assets.jpg\",\"contentUrl\":\"https:\/\/www.coccigames.com\/wp-content\/uploads\/2025\/12\/dropfleet-commander-ucm-launch-assets.jpg\",\"width\":800,\"height\":800},{\"@type\":\"BreadcrumbList\",\"@id\":\"https:\/\/www.coccigames.com\/index.php\/produit\/dropfleet-commander-ucm-launch-assets\/#breadcrumb\",\"itemListElement\":[{\"@type\":\"ListItem\",\"position\":1,\"name\":\"Accueil\",\"item\":\"https:\/\/www.coccigames.com\/\"},{\"@type\":\"ListItem\",\"position\":2,\"name\":\"Boutique\",\"item\":\"https:\/\/www.coccigames.com\/index.php\/boutique\/\"},{\"@type\":\"ListItem\",\"position\":3,\"name\":\"DROPFLEET COMMANDER &#8211; UCM LAUNCH ASSETS\"}]},{\"@type\":\"WebSite\",\"@id\":\"https:\/\/www.coccigames.com\/#website\",\"url\":\"https:\/\/www.coccigames.com\/\",\"name\":\"Coccigames - Figurines et Peintures\",\"description\":\"Figurines et Peintures\",\"publisher\":{\"@id\":\"https:\/\/www.coccigames.com\/#organization\"},\"potentialAction\":[{\"@type\":\"SearchAction\",\"target\":{\"@type\":\"EntryPoint\",\"urlTemplate\":\"https:\/\/www.coccigames.com\/?s={search_term_string}\"},\"query-input\":{\"@type\":\"PropertyValueSpecification\",\"valueRequired\":true,\"valueName\":\"search_term_string\"}}],\"inLanguage\":\"fr-FR\"},{\"@type\":\"Organization\",\"@id\":\"https:\/\/www.coccigames.com\/#organization\",\"name\":\"Coccigames\",\"url\":\"https:\/\/www.coccigames.com\/\",\"logo\":{\"@type\":\"ImageObject\",\"inLanguage\":\"fr-FR\",\"@id\":\"https:\/\/www.coccigames.com\/#\/schema\/logo\/image\/\",\"url\":\"https:\/\/www.coccigames.com\/wp-content\/uploads\/2025\/12\/coccigames_logo_v5.png\",\"contentUrl\":\"https:\/\/www.coccigames.com\/wp-content\/uploads\/2025\/12\/coccigames_logo_v5.png\",\"width\":1768,\"height\":424,\"caption\":\"Coccigames\"},\"image\":{\"@id\":\"https:\/\/www.coccigames.com\/#\/schema\/logo\/image\/\"}}]}<\/script>\n<!-- \/ Yoast SEO plugin. -->","yoast_head_json":{"title":"DROPFLEET COMMANDER - UCM LAUNCH ASSETS - Coccigames","robots":{"index":"index","follow":"follow","max-snippet":"max-snippet:-1","max-image-preview":"max-image-preview:large","max-video-preview":"max-video-preview:-1"},"canonical":"https:\/\/www.coccigames.com\/index.php\/produit\/dropfleet-commander-ucm-launch-assets\/","og_locale":"fr_FR","og_type":"article","og_title":"DROPFLEET COMMANDER - UCM LAUNCH ASSETS - Coccigames","og_description":"Les unit\u00e9s de lancement (chasseurs, bombardiers et torpilleurs) sont des \u00e9l\u00e9ments importants dans les parties de Dropfleet Commander, tant pour prot\u00e9ger vos vaisseaux que pour an\u00e9antir vos adversaires ! Elles ajoutent beaucoup \u00e0 l&rsquo;aspect et \u00e0 l&rsquo;ambiance de votre flotte, am\u00e9liorant l&rsquo;exp\u00e9rience de jeu en&hellip;","og_url":"https:\/\/www.coccigames.com\/index.php\/produit\/dropfleet-commander-ucm-launch-assets\/","og_site_name":"Coccigames","article_modified_time":"2026-04-06T07:28:27+00:00","og_image":[{"width":800,"height":800,"url":"https:\/\/www.coccigames.com\/wp-content\/uploads\/2025\/12\/dropfleet-commander-ucm-launch-assets.jpg","type":"image\/jpeg"}],"twitter_card":"summary_large_image","twitter_misc":{"Dur\u00e9e de lecture estim\u00e9e":"1 minute"},"schema":{"@context":"https:\/\/schema.org","@graph":[{"@type":"WebPage","@id":"https:\/\/www.coccigames.com\/index.php\/produit\/dropfleet-commander-ucm-launch-assets\/","url":"https:\/\/www.coccigames.com\/index.php\/produit\/dropfleet-commander-ucm-launch-assets\/","name":"DROPFLEET COMMANDER - UCM LAUNCH ASSETS - Coccigames","isPartOf":{"@id":"https:\/\/www.coccigames.com\/#website"},"primaryImageOfPage":{"@id":"https:\/\/www.coccigames.com\/index.php\/produit\/dropfleet-commander-ucm-launch-assets\/#primaryimage"},"image":{"@id":"https:\/\/www.coccigames.com\/index.php\/produit\/dropfleet-commander-ucm-launch-assets\/#primaryimage"},"thumbnailUrl":"https:\/\/www.coccigames.com\/wp-content\/uploads\/2025\/12\/dropfleet-commander-ucm-launch-assets.jpg","datePublished":"2025-12-10T14:38:13+00:00","dateModified":"2026-04-06T07:28:27+00:00","breadcrumb":{"@id":"https:\/\/www.coccigames.com\/index.php\/produit\/dropfleet-commander-ucm-launch-assets\/#breadcrumb"},"inLanguage":"fr-FR","potentialAction":[{"@type":"ReadAction","target":["https:\/\/www.coccigames.com\/index.php\/produit\/dropfleet-commander-ucm-launch-assets\/"]}]},{"@type":"ImageObject","inLanguage":"fr-FR","@id":"https:\/\/www.coccigames.com\/index.php\/produit\/dropfleet-commander-ucm-launch-assets\/#primaryimage","url":"https:\/\/www.coccigames.com\/wp-content\/uploads\/2025\/12\/dropfleet-commander-ucm-launch-assets.jpg","contentUrl":"https:\/\/www.coccigames.com\/wp-content\/uploads\/2025\/12\/dropfleet-commander-ucm-launch-assets.jpg","width":800,"height":800},{"@type":"BreadcrumbList","@id":"https:\/\/www.coccigames.com\/index.php\/produit\/dropfleet-commander-ucm-launch-assets\/#breadcrumb","itemListElement":[{"@type":"ListItem","position":1,"name":"Accueil","item":"https:\/\/www.coccigames.com\/"},{"@type":"ListItem","position":2,"name":"Boutique","item":"https:\/\/www.coccigames.com\/index.php\/boutique\/"},{"@type":"ListItem","position":3,"name":"DROPFLEET COMMANDER &#8211; UCM LAUNCH ASSETS"}]},{"@type":"WebSite","@id":"https:\/\/www.coccigames.com\/#website","url":"https:\/\/www.coccigames.com\/","name":"Coccigames - Figurines et Peintures","description":"Figurines et Peintures","publisher":{"@id":"https:\/\/www.coccigames.com\/#organization"},"potentialAction":[{"@type":"SearchAction","target":{"@type":"EntryPoint","urlTemplate":"https:\/\/www.coccigames.com\/?s={search_term_string}"},"query-input":{"@type":"PropertyValueSpecification","valueRequired":true,"valueName":"search_term_string"}}],"inLanguage":"fr-FR"},{"@type":"Organization","@id":"https:\/\/www.coccigames.com\/#organization","name":"Coccigames","url":"https:\/\/www.coccigames.com\/","logo":{"@type":"ImageObject","inLanguage":"fr-FR","@id":"https:\/\/www.coccigames.com\/#\/schema\/logo\/image\/","url":"https:\/\/www.coccigames.com\/wp-content\/uploads\/2025\/12\/coccigames_logo_v5.png","contentUrl":"https:\/\/www.coccigames.com\/wp-content\/uploads\/2025\/12\/coccigames_logo_v5.png","width":1768,"height":424,"caption":"Coccigames"},"image":{"@id":"https:\/\/www.coccigames.com\/#\/schema\/logo\/image\/"}}]}},"_links":{"self":[{"href":"https:\/\/www.coccigames.com\/index.php\/wp-json\/wp\/v2\/product\/12912","targetHints":{"allow":["GET"]}}],"collection":[{"href":"https:\/\/www.coccigames.com\/index.php\/wp-json\/wp\/v2\/product"}],"about":[{"href":"https:\/\/www.coccigames.com\/index.php\/wp-json\/wp\/v2\/types\/product"}],"replies":[{"embeddable":true,"href":"https:\/\/www.coccigames.com\/index.php\/wp-json\/wp\/v2\/comments?post=12912"}],"wp:featuredmedia":[{"embeddable":true,"href":"https:\/\/www.coccigames.com\/index.php\/wp-json\/wp\/v2\/media\/12956"}],"wp:attachment":[{"href":"https:\/\/www.coccigames.com\/index.php\/wp-json\/wp\/v2\/media?parent=12912"}],"wp:term":[{"taxonomy":"product_brand","embeddable":true,"href":"https:\/\/www.coccigames.com\/index.php\/wp-json\/wp\/v2\/product_brand?post=12912"},{"taxonomy":"product_cat","embeddable":true,"href":"https:\/\/www.coccigames.com\/index.php\/wp-json\/wp\/v2\/product_cat?post=12912"},{"taxonomy":"product_tag","embeddable":true,"href":"https:\/\/www.coccigames.com\/index.php\/wp-json\/wp\/v2\/product_tag?post=12912"}],"curies":[{"name":"wp","href":"https:\/\/api.w.org\/{rel}","templated":true}]}}