{"id":11522,"date":"2025-12-02T12:28:58","date_gmt":"2025-12-02T11:28:58","guid":{"rendered":"https:\/\/www.coccigames.com\/index.php\/produit\/leagues-of-votann-grimnyr\/"},"modified":"2026-04-06T09:28:07","modified_gmt":"2026-04-06T07:28:07","slug":"leagues-of-votann-grimnyr","status":"publish","type":"product","link":"https:\/\/www.coccigames.com\/index.php\/produit\/leagues-of-votann-grimnyr\/","title":{"rendered":"LEAGUES OF VOTANN: GRIMNYR"},"content":{"rendered":"","protected":false},"excerpt":{"rendered":"<p>Dans les t\u00e9n\u00e8bres d&rsquo;un lointain futur, il n&rsquo;y a que la guerre. Dans Warhammer 40,000 l&rsquo;humanit\u00e9 lutte pour survivre contre une galaxie grouillante d&rsquo;horreurs extraterrestres et d&rsquo;adorateurs des dieux sombres, en plus de sa propre hybris.<\/p>\n<p>Pendant des mill\u00e9naires, les Cognats des Ligues de Votann ont exploit\u00e9 les ressources mat\u00e9rielles et m\u00e9taphysiques de leurs domaines traditionnels, dans le noyau galactique et plus loin vers l&rsquo;ext\u00e9rieur. Ils constituent un peuple expansionniste et territorial, qui ne pardonne jamais et qui ne fait preuve d&rsquo;aucune piti\u00e9. Les besoins et les vies des autres esp\u00e8ces de la galaxie sont n\u00e9gligeables face \u00e0 la survie des Cognats.<\/p>\n<p>Isol\u00e9e de l&rsquo;Humanit\u00e9, cette culture industrieuse et high-tech combat pour prot\u00e9ger ses domaines.<\/p>\n","protected":false},"featured_media":11554,"comment_status":"open","ping_status":"closed","template":"","meta":[],"product_brand":[23],"product_cat":[310],"product_tag":[102,51],"class_list":{"0":"post-11522","1":"product","2":"type-product","3":"status-publish","4":"has-post-thumbnail","6":"product_brand-games-workshop","7":"product_cat-leagues-of-votann","8":"product_tag-leagues-of-votann","9":"product_tag-xenos","11":"first","12":"outofstock","13":"sale","14":"taxable","15":"shipping-taxable","16":"purchasable","17":"product-type-simple"},"yoast_head":"<!-- This site is optimized with the Yoast SEO plugin v26.4 - https:\/\/yoast.com\/wordpress\/plugins\/seo\/ -->\n<title>LEAGUES OF VOTANN: GRIMNYR - Coccigames<\/title>\n<meta name=\"robots\" content=\"index, follow, max-snippet:-1, max-image-preview:large, max-video-preview:-1\" \/>\n<link rel=\"canonical\" href=\"https:\/\/www.coccigames.com\/index.php\/produit\/leagues-of-votann-grimnyr\/\" \/>\n<meta property=\"og:locale\" content=\"fr_FR\" \/>\n<meta property=\"og:type\" content=\"article\" \/>\n<meta property=\"og:title\" content=\"LEAGUES OF VOTANN: GRIMNYR - Coccigames\" \/>\n<meta property=\"og:description\" content=\"Dans les t\u00e9n\u00e8bres d&#039;un lointain futur, il n&#039;y a que la guerre. Dans Warhammer 40,000 l&#039;humanit\u00e9 lutte pour survivre contre une galaxie grouillante d&#039;horreurs extraterrestres et d&#039;adorateurs des dieux sombres, en plus de sa propre hybris.  Pendant des mill\u00e9naires, les Cognats des Ligues de Votann ont exploit\u00e9 les ressources mat\u00e9rielles et m\u00e9taphysiques de leurs domaines traditionnels, dans le noyau galactique et plus loin vers l&#039;ext\u00e9rieur. Ils constituent un peuple expansionniste et territorial, qui ne pardonne jamais et qui ne fait preuve d&#039;aucune piti\u00e9. Les besoins et les vies des autres esp\u00e8ces de la galaxie sont n\u00e9gligeables face \u00e0 la survie des Cognats.  Isol\u00e9e de l&#039;Humanit\u00e9, cette culture industrieuse et high-tech combat pour prot\u00e9ger ses domaines.\" \/>\n<meta property=\"og:url\" content=\"https:\/\/www.coccigames.com\/index.php\/produit\/leagues-of-votann-grimnyr\/\" \/>\n<meta property=\"og:site_name\" content=\"Coccigames\" \/>\n<meta property=\"article:modified_time\" content=\"2026-04-06T07:28:07+00:00\" \/>\n<meta property=\"og:image\" content=\"https:\/\/www.coccigames.com\/wp-content\/uploads\/2025\/12\/99120118004_GrymnyrStock.jpg\" \/>\n\t<meta property=\"og:image:width\" content=\"918\" \/>\n\t<meta property=\"og:image:height\" content=\"948\" \/>\n\t<meta property=\"og:image:type\" content=\"image\/jpeg\" \/>\n<meta name=\"twitter:card\" content=\"summary_large_image\" \/>\n<meta name=\"twitter:label1\" content=\"Dur\u00e9e de lecture estim\u00e9e\" \/>\n\t<meta name=\"twitter:data1\" content=\"1 minute\" \/>\n<script type=\"application\/ld+json\" class=\"yoast-schema-graph\">{\"@context\":\"https:\/\/schema.org\",\"@graph\":[{\"@type\":\"WebPage\",\"@id\":\"https:\/\/www.coccigames.com\/index.php\/produit\/leagues-of-votann-grimnyr\/\",\"url\":\"https:\/\/www.coccigames.com\/index.php\/produit\/leagues-of-votann-grimnyr\/\",\"name\":\"LEAGUES OF VOTANN: GRIMNYR - Coccigames\",\"isPartOf\":{\"@id\":\"https:\/\/www.coccigames.com\/#website\"},\"primaryImageOfPage\":{\"@id\":\"https:\/\/www.coccigames.com\/index.php\/produit\/leagues-of-votann-grimnyr\/#primaryimage\"},\"image\":{\"@id\":\"https:\/\/www.coccigames.com\/index.php\/produit\/leagues-of-votann-grimnyr\/#primaryimage\"},\"thumbnailUrl\":\"https:\/\/www.coccigames.com\/wp-content\/uploads\/2025\/12\/99120118004_GrymnyrStock.jpg\",\"datePublished\":\"2025-12-02T11:28:58+00:00\",\"dateModified\":\"2026-04-06T07:28:07+00:00\",\"breadcrumb\":{\"@id\":\"https:\/\/www.coccigames.com\/index.php\/produit\/leagues-of-votann-grimnyr\/#breadcrumb\"},\"inLanguage\":\"fr-FR\",\"potentialAction\":[{\"@type\":\"ReadAction\",\"target\":[\"https:\/\/www.coccigames.com\/index.php\/produit\/leagues-of-votann-grimnyr\/\"]}]},{\"@type\":\"ImageObject\",\"inLanguage\":\"fr-FR\",\"@id\":\"https:\/\/www.coccigames.com\/index.php\/produit\/leagues-of-votann-grimnyr\/#primaryimage\",\"url\":\"https:\/\/www.coccigames.com\/wp-content\/uploads\/2025\/12\/99120118004_GrymnyrStock.jpg\",\"contentUrl\":\"https:\/\/www.coccigames.com\/wp-content\/uploads\/2025\/12\/99120118004_GrymnyrStock.jpg\",\"width\":918,\"height\":948},{\"@type\":\"BreadcrumbList\",\"@id\":\"https:\/\/www.coccigames.com\/index.php\/produit\/leagues-of-votann-grimnyr\/#breadcrumb\",\"itemListElement\":[{\"@type\":\"ListItem\",\"position\":1,\"name\":\"Accueil\",\"item\":\"https:\/\/www.coccigames.com\/\"},{\"@type\":\"ListItem\",\"position\":2,\"name\":\"Boutique\",\"item\":\"https:\/\/www.coccigames.com\/index.php\/boutique\/\"},{\"@type\":\"ListItem\",\"position\":3,\"name\":\"LEAGUES OF VOTANN: GRIMNYR\"}]},{\"@type\":\"WebSite\",\"@id\":\"https:\/\/www.coccigames.com\/#website\",\"url\":\"https:\/\/www.coccigames.com\/\",\"name\":\"Coccigames - Figurines et Peintures\",\"description\":\"Figurines et Peintures\",\"publisher\":{\"@id\":\"https:\/\/www.coccigames.com\/#organization\"},\"potentialAction\":[{\"@type\":\"SearchAction\",\"target\":{\"@type\":\"EntryPoint\",\"urlTemplate\":\"https:\/\/www.coccigames.com\/?s={search_term_string}\"},\"query-input\":{\"@type\":\"PropertyValueSpecification\",\"valueRequired\":true,\"valueName\":\"search_term_string\"}}],\"inLanguage\":\"fr-FR\"},{\"@type\":\"Organization\",\"@id\":\"https:\/\/www.coccigames.com\/#organization\",\"name\":\"Coccigames\",\"url\":\"https:\/\/www.coccigames.com\/\",\"logo\":{\"@type\":\"ImageObject\",\"inLanguage\":\"fr-FR\",\"@id\":\"https:\/\/www.coccigames.com\/#\/schema\/logo\/image\/\",\"url\":\"https:\/\/www.coccigames.com\/wp-content\/uploads\/2025\/12\/coccigames_logo_v5.png\",\"contentUrl\":\"https:\/\/www.coccigames.com\/wp-content\/uploads\/2025\/12\/coccigames_logo_v5.png\",\"width\":1768,\"height\":424,\"caption\":\"Coccigames\"},\"image\":{\"@id\":\"https:\/\/www.coccigames.com\/#\/schema\/logo\/image\/\"}}]}<\/script>\n<!-- \/ Yoast SEO plugin. -->","yoast_head_json":{"title":"LEAGUES OF VOTANN: GRIMNYR - Coccigames","robots":{"index":"index","follow":"follow","max-snippet":"max-snippet:-1","max-image-preview":"max-image-preview:large","max-video-preview":"max-video-preview:-1"},"canonical":"https:\/\/www.coccigames.com\/index.php\/produit\/leagues-of-votann-grimnyr\/","og_locale":"fr_FR","og_type":"article","og_title":"LEAGUES OF VOTANN: GRIMNYR - Coccigames","og_description":"Dans les t\u00e9n\u00e8bres d'un lointain futur, il n'y a que la guerre. Dans Warhammer 40,000 l'humanit\u00e9 lutte pour survivre contre une galaxie grouillante d'horreurs extraterrestres et d'adorateurs des dieux sombres, en plus de sa propre hybris.  Pendant des mill\u00e9naires, les Cognats des Ligues de Votann ont exploit\u00e9 les ressources mat\u00e9rielles et m\u00e9taphysiques de leurs domaines traditionnels, dans le noyau galactique et plus loin vers l'ext\u00e9rieur. Ils constituent un peuple expansionniste et territorial, qui ne pardonne jamais et qui ne fait preuve d'aucune piti\u00e9. Les besoins et les vies des autres esp\u00e8ces de la galaxie sont n\u00e9gligeables face \u00e0 la survie des Cognats.  Isol\u00e9e de l'Humanit\u00e9, cette culture industrieuse et high-tech combat pour prot\u00e9ger ses domaines.","og_url":"https:\/\/www.coccigames.com\/index.php\/produit\/leagues-of-votann-grimnyr\/","og_site_name":"Coccigames","article_modified_time":"2026-04-06T07:28:07+00:00","og_image":[{"width":918,"height":948,"url":"https:\/\/www.coccigames.com\/wp-content\/uploads\/2025\/12\/99120118004_GrymnyrStock.jpg","type":"image\/jpeg"}],"twitter_card":"summary_large_image","twitter_misc":{"Dur\u00e9e de lecture estim\u00e9e":"1 minute"},"schema":{"@context":"https:\/\/schema.org","@graph":[{"@type":"WebPage","@id":"https:\/\/www.coccigames.com\/index.php\/produit\/leagues-of-votann-grimnyr\/","url":"https:\/\/www.coccigames.com\/index.php\/produit\/leagues-of-votann-grimnyr\/","name":"LEAGUES OF VOTANN: GRIMNYR - Coccigames","isPartOf":{"@id":"https:\/\/www.coccigames.com\/#website"},"primaryImageOfPage":{"@id":"https:\/\/www.coccigames.com\/index.php\/produit\/leagues-of-votann-grimnyr\/#primaryimage"},"image":{"@id":"https:\/\/www.coccigames.com\/index.php\/produit\/leagues-of-votann-grimnyr\/#primaryimage"},"thumbnailUrl":"https:\/\/www.coccigames.com\/wp-content\/uploads\/2025\/12\/99120118004_GrymnyrStock.jpg","datePublished":"2025-12-02T11:28:58+00:00","dateModified":"2026-04-06T07:28:07+00:00","breadcrumb":{"@id":"https:\/\/www.coccigames.com\/index.php\/produit\/leagues-of-votann-grimnyr\/#breadcrumb"},"inLanguage":"fr-FR","potentialAction":[{"@type":"ReadAction","target":["https:\/\/www.coccigames.com\/index.php\/produit\/leagues-of-votann-grimnyr\/"]}]},{"@type":"ImageObject","inLanguage":"fr-FR","@id":"https:\/\/www.coccigames.com\/index.php\/produit\/leagues-of-votann-grimnyr\/#primaryimage","url":"https:\/\/www.coccigames.com\/wp-content\/uploads\/2025\/12\/99120118004_GrymnyrStock.jpg","contentUrl":"https:\/\/www.coccigames.com\/wp-content\/uploads\/2025\/12\/99120118004_GrymnyrStock.jpg","width":918,"height":948},{"@type":"BreadcrumbList","@id":"https:\/\/www.coccigames.com\/index.php\/produit\/leagues-of-votann-grimnyr\/#breadcrumb","itemListElement":[{"@type":"ListItem","position":1,"name":"Accueil","item":"https:\/\/www.coccigames.com\/"},{"@type":"ListItem","position":2,"name":"Boutique","item":"https:\/\/www.coccigames.com\/index.php\/boutique\/"},{"@type":"ListItem","position":3,"name":"LEAGUES OF VOTANN: GRIMNYR"}]},{"@type":"WebSite","@id":"https:\/\/www.coccigames.com\/#website","url":"https:\/\/www.coccigames.com\/","name":"Coccigames - Figurines et Peintures","description":"Figurines et Peintures","publisher":{"@id":"https:\/\/www.coccigames.com\/#organization"},"potentialAction":[{"@type":"SearchAction","target":{"@type":"EntryPoint","urlTemplate":"https:\/\/www.coccigames.com\/?s={search_term_string}"},"query-input":{"@type":"PropertyValueSpecification","valueRequired":true,"valueName":"search_term_string"}}],"inLanguage":"fr-FR"},{"@type":"Organization","@id":"https:\/\/www.coccigames.com\/#organization","name":"Coccigames","url":"https:\/\/www.coccigames.com\/","logo":{"@type":"ImageObject","inLanguage":"fr-FR","@id":"https:\/\/www.coccigames.com\/#\/schema\/logo\/image\/","url":"https:\/\/www.coccigames.com\/wp-content\/uploads\/2025\/12\/coccigames_logo_v5.png","contentUrl":"https:\/\/www.coccigames.com\/wp-content\/uploads\/2025\/12\/coccigames_logo_v5.png","width":1768,"height":424,"caption":"Coccigames"},"image":{"@id":"https:\/\/www.coccigames.com\/#\/schema\/logo\/image\/"}}]}},"_links":{"self":[{"href":"https:\/\/www.coccigames.com\/index.php\/wp-json\/wp\/v2\/product\/11522","targetHints":{"allow":["GET"]}}],"collection":[{"href":"https:\/\/www.coccigames.com\/index.php\/wp-json\/wp\/v2\/product"}],"about":[{"href":"https:\/\/www.coccigames.com\/index.php\/wp-json\/wp\/v2\/types\/product"}],"replies":[{"embeddable":true,"href":"https:\/\/www.coccigames.com\/index.php\/wp-json\/wp\/v2\/comments?post=11522"}],"wp:featuredmedia":[{"embeddable":true,"href":"https:\/\/www.coccigames.com\/index.php\/wp-json\/wp\/v2\/media\/11554"}],"wp:attachment":[{"href":"https:\/\/www.coccigames.com\/index.php\/wp-json\/wp\/v2\/media?parent=11522"}],"wp:term":[{"taxonomy":"product_brand","embeddable":true,"href":"https:\/\/www.coccigames.com\/index.php\/wp-json\/wp\/v2\/product_brand?post=11522"},{"taxonomy":"product_cat","embeddable":true,"href":"https:\/\/www.coccigames.com\/index.php\/wp-json\/wp\/v2\/product_cat?post=11522"},{"taxonomy":"product_tag","embeddable":true,"href":"https:\/\/www.coccigames.com\/index.php\/wp-json\/wp\/v2\/product_tag?post=11522"}],"curies":[{"name":"wp","href":"https:\/\/api.w.org\/{rel}","templated":true}]}}