{"id":11282,"date":"2025-12-02T12:26:35","date_gmt":"2025-12-02T11:26:35","guid":{"rendered":"https:\/\/www.coccigames.com\/index.php\/produit\/codex-emperors-children-francais\/"},"modified":"2026-04-06T09:27:48","modified_gmt":"2026-04-06T07:27:48","slug":"codex-emperors-children-francais","status":"publish","type":"product","link":"https:\/\/www.coccigames.com\/index.php\/produit\/codex-emperors-children-francais\/","title":{"rendered":"CODEX: EMPEROR&rsquo;S CHILDREN (FRANCAIS)"},"content":{"rendered":"","protected":false},"excerpt":{"rendered":"<p>Les Emperor&rsquo;s Children sont des guerriers d\u00e9bauch\u00e9s et vou\u00e9s au dieu du Chaos Slaanesh. Drap\u00e9s dans leur douce corruption, d\u00e9prav\u00e9s de corps comme d&rsquo;esprit, ils d\u00e9vastent la galaxie dans des campagnes d&rsquo;exc\u00e8s sanguinolents et de saturation sensorielle. Les moindres vestiges de leur \u00e2me sont focalis\u00e9s sur la satisfaction de leurs caprices au m\u00e9pris de tout le reste.<\/p>\n","protected":false},"featured_media":11643,"comment_status":"open","ping_status":"closed","template":"","meta":[],"product_brand":[23],"product_cat":[313],"product_tag":[55,179],"class_list":{"0":"post-11282","1":"product","2":"type-product","3":"status-publish","4":"has-post-thumbnail","6":"product_brand-games-workshop","7":"product_cat-emperors-children","8":"product_tag-chaos-space-marines","9":"product_tag-emperors-children","11":"first","12":"onbackorder","13":"sale","14":"taxable","15":"shipping-taxable","16":"purchasable","17":"product-type-simple"},"yoast_head":"<!-- This site is optimized with the Yoast SEO plugin v26.4 - https:\/\/yoast.com\/wordpress\/plugins\/seo\/ -->\n<title>CODEX: EMPEROR&#039;S CHILDREN (FRANCAIS) - Coccigames<\/title>\n<meta name=\"robots\" content=\"index, follow, max-snippet:-1, max-image-preview:large, max-video-preview:-1\" \/>\n<link rel=\"canonical\" href=\"https:\/\/www.coccigames.com\/index.php\/produit\/codex-emperors-children-francais\/\" \/>\n<meta property=\"og:locale\" content=\"fr_FR\" \/>\n<meta property=\"og:type\" content=\"article\" \/>\n<meta property=\"og:title\" content=\"CODEX: EMPEROR&#039;S CHILDREN (FRANCAIS) - Coccigames\" \/>\n<meta property=\"og:description\" content=\"Les Emperor&#039;s Children sont des guerriers d\u00e9bauch\u00e9s et vou\u00e9s au dieu du Chaos Slaanesh. Drap\u00e9s dans leur douce corruption, d\u00e9prav\u00e9s de corps comme d&#039;esprit, ils d\u00e9vastent la galaxie dans des campagnes d&#039;exc\u00e8s sanguinolents et de saturation sensorielle. Les moindres vestiges de leur \u00e2me sont focalis\u00e9s sur la satisfaction de leurs caprices au m\u00e9pris de tout le reste.\" \/>\n<meta property=\"og:url\" content=\"https:\/\/www.coccigames.com\/index.php\/produit\/codex-emperors-children-francais\/\" \/>\n<meta property=\"og:site_name\" content=\"Coccigames\" \/>\n<meta property=\"article:modified_time\" content=\"2026-04-06T07:27:48+00:00\" \/>\n<meta property=\"og:image\" content=\"https:\/\/www.coccigames.com\/wp-content\/uploads\/2025\/12\/60030102035_ENGFREGERITASPAEmperorsChildrenStdEdHBCodex.jpg\" \/>\n\t<meta property=\"og:image:width\" content=\"918\" \/>\n\t<meta property=\"og:image:height\" content=\"948\" \/>\n\t<meta property=\"og:image:type\" content=\"image\/jpeg\" \/>\n<meta name=\"twitter:card\" content=\"summary_large_image\" \/>\n<script type=\"application\/ld+json\" class=\"yoast-schema-graph\">{\"@context\":\"https:\/\/schema.org\",\"@graph\":[{\"@type\":\"WebPage\",\"@id\":\"https:\/\/www.coccigames.com\/index.php\/produit\/codex-emperors-children-francais\/\",\"url\":\"https:\/\/www.coccigames.com\/index.php\/produit\/codex-emperors-children-francais\/\",\"name\":\"CODEX: EMPEROR'S CHILDREN (FRANCAIS) - Coccigames\",\"isPartOf\":{\"@id\":\"https:\/\/www.coccigames.com\/#website\"},\"primaryImageOfPage\":{\"@id\":\"https:\/\/www.coccigames.com\/index.php\/produit\/codex-emperors-children-francais\/#primaryimage\"},\"image\":{\"@id\":\"https:\/\/www.coccigames.com\/index.php\/produit\/codex-emperors-children-francais\/#primaryimage\"},\"thumbnailUrl\":\"https:\/\/www.coccigames.com\/wp-content\/uploads\/2025\/12\/60030102035_ENGFREGERITASPAEmperorsChildrenStdEdHBCodex.jpg\",\"datePublished\":\"2025-12-02T11:26:35+00:00\",\"dateModified\":\"2026-04-06T07:27:48+00:00\",\"breadcrumb\":{\"@id\":\"https:\/\/www.coccigames.com\/index.php\/produit\/codex-emperors-children-francais\/#breadcrumb\"},\"inLanguage\":\"fr-FR\",\"potentialAction\":[{\"@type\":\"ReadAction\",\"target\":[\"https:\/\/www.coccigames.com\/index.php\/produit\/codex-emperors-children-francais\/\"]}]},{\"@type\":\"ImageObject\",\"inLanguage\":\"fr-FR\",\"@id\":\"https:\/\/www.coccigames.com\/index.php\/produit\/codex-emperors-children-francais\/#primaryimage\",\"url\":\"https:\/\/www.coccigames.com\/wp-content\/uploads\/2025\/12\/60030102035_ENGFREGERITASPAEmperorsChildrenStdEdHBCodex.jpg\",\"contentUrl\":\"https:\/\/www.coccigames.com\/wp-content\/uploads\/2025\/12\/60030102035_ENGFREGERITASPAEmperorsChildrenStdEdHBCodex.jpg\",\"width\":918,\"height\":948},{\"@type\":\"BreadcrumbList\",\"@id\":\"https:\/\/www.coccigames.com\/index.php\/produit\/codex-emperors-children-francais\/#breadcrumb\",\"itemListElement\":[{\"@type\":\"ListItem\",\"position\":1,\"name\":\"Accueil\",\"item\":\"https:\/\/www.coccigames.com\/\"},{\"@type\":\"ListItem\",\"position\":2,\"name\":\"Boutique\",\"item\":\"https:\/\/www.coccigames.com\/index.php\/boutique\/\"},{\"@type\":\"ListItem\",\"position\":3,\"name\":\"CODEX: EMPEROR&rsquo;S CHILDREN (FRANCAIS)\"}]},{\"@type\":\"WebSite\",\"@id\":\"https:\/\/www.coccigames.com\/#website\",\"url\":\"https:\/\/www.coccigames.com\/\",\"name\":\"Coccigames - Figurines et Peintures\",\"description\":\"Figurines et Peintures\",\"publisher\":{\"@id\":\"https:\/\/www.coccigames.com\/#organization\"},\"potentialAction\":[{\"@type\":\"SearchAction\",\"target\":{\"@type\":\"EntryPoint\",\"urlTemplate\":\"https:\/\/www.coccigames.com\/?s={search_term_string}\"},\"query-input\":{\"@type\":\"PropertyValueSpecification\",\"valueRequired\":true,\"valueName\":\"search_term_string\"}}],\"inLanguage\":\"fr-FR\"},{\"@type\":\"Organization\",\"@id\":\"https:\/\/www.coccigames.com\/#organization\",\"name\":\"Coccigames\",\"url\":\"https:\/\/www.coccigames.com\/\",\"logo\":{\"@type\":\"ImageObject\",\"inLanguage\":\"fr-FR\",\"@id\":\"https:\/\/www.coccigames.com\/#\/schema\/logo\/image\/\",\"url\":\"https:\/\/www.coccigames.com\/wp-content\/uploads\/2025\/12\/coccigames_logo_v5.png\",\"contentUrl\":\"https:\/\/www.coccigames.com\/wp-content\/uploads\/2025\/12\/coccigames_logo_v5.png\",\"width\":1768,\"height\":424,\"caption\":\"Coccigames\"},\"image\":{\"@id\":\"https:\/\/www.coccigames.com\/#\/schema\/logo\/image\/\"}}]}<\/script>\n<!-- \/ Yoast SEO plugin. -->","yoast_head_json":{"title":"CODEX: EMPEROR'S CHILDREN (FRANCAIS) - Coccigames","robots":{"index":"index","follow":"follow","max-snippet":"max-snippet:-1","max-image-preview":"max-image-preview:large","max-video-preview":"max-video-preview:-1"},"canonical":"https:\/\/www.coccigames.com\/index.php\/produit\/codex-emperors-children-francais\/","og_locale":"fr_FR","og_type":"article","og_title":"CODEX: EMPEROR'S CHILDREN (FRANCAIS) - Coccigames","og_description":"Les Emperor's Children sont des guerriers d\u00e9bauch\u00e9s et vou\u00e9s au dieu du Chaos Slaanesh. Drap\u00e9s dans leur douce corruption, d\u00e9prav\u00e9s de corps comme d'esprit, ils d\u00e9vastent la galaxie dans des campagnes d'exc\u00e8s sanguinolents et de saturation sensorielle. Les moindres vestiges de leur \u00e2me sont focalis\u00e9s sur la satisfaction de leurs caprices au m\u00e9pris de tout le reste.","og_url":"https:\/\/www.coccigames.com\/index.php\/produit\/codex-emperors-children-francais\/","og_site_name":"Coccigames","article_modified_time":"2026-04-06T07:27:48+00:00","og_image":[{"width":918,"height":948,"url":"https:\/\/www.coccigames.com\/wp-content\/uploads\/2025\/12\/60030102035_ENGFREGERITASPAEmperorsChildrenStdEdHBCodex.jpg","type":"image\/jpeg"}],"twitter_card":"summary_large_image","schema":{"@context":"https:\/\/schema.org","@graph":[{"@type":"WebPage","@id":"https:\/\/www.coccigames.com\/index.php\/produit\/codex-emperors-children-francais\/","url":"https:\/\/www.coccigames.com\/index.php\/produit\/codex-emperors-children-francais\/","name":"CODEX: EMPEROR'S CHILDREN (FRANCAIS) - Coccigames","isPartOf":{"@id":"https:\/\/www.coccigames.com\/#website"},"primaryImageOfPage":{"@id":"https:\/\/www.coccigames.com\/index.php\/produit\/codex-emperors-children-francais\/#primaryimage"},"image":{"@id":"https:\/\/www.coccigames.com\/index.php\/produit\/codex-emperors-children-francais\/#primaryimage"},"thumbnailUrl":"https:\/\/www.coccigames.com\/wp-content\/uploads\/2025\/12\/60030102035_ENGFREGERITASPAEmperorsChildrenStdEdHBCodex.jpg","datePublished":"2025-12-02T11:26:35+00:00","dateModified":"2026-04-06T07:27:48+00:00","breadcrumb":{"@id":"https:\/\/www.coccigames.com\/index.php\/produit\/codex-emperors-children-francais\/#breadcrumb"},"inLanguage":"fr-FR","potentialAction":[{"@type":"ReadAction","target":["https:\/\/www.coccigames.com\/index.php\/produit\/codex-emperors-children-francais\/"]}]},{"@type":"ImageObject","inLanguage":"fr-FR","@id":"https:\/\/www.coccigames.com\/index.php\/produit\/codex-emperors-children-francais\/#primaryimage","url":"https:\/\/www.coccigames.com\/wp-content\/uploads\/2025\/12\/60030102035_ENGFREGERITASPAEmperorsChildrenStdEdHBCodex.jpg","contentUrl":"https:\/\/www.coccigames.com\/wp-content\/uploads\/2025\/12\/60030102035_ENGFREGERITASPAEmperorsChildrenStdEdHBCodex.jpg","width":918,"height":948},{"@type":"BreadcrumbList","@id":"https:\/\/www.coccigames.com\/index.php\/produit\/codex-emperors-children-francais\/#breadcrumb","itemListElement":[{"@type":"ListItem","position":1,"name":"Accueil","item":"https:\/\/www.coccigames.com\/"},{"@type":"ListItem","position":2,"name":"Boutique","item":"https:\/\/www.coccigames.com\/index.php\/boutique\/"},{"@type":"ListItem","position":3,"name":"CODEX: EMPEROR&rsquo;S CHILDREN (FRANCAIS)"}]},{"@type":"WebSite","@id":"https:\/\/www.coccigames.com\/#website","url":"https:\/\/www.coccigames.com\/","name":"Coccigames - Figurines et Peintures","description":"Figurines et Peintures","publisher":{"@id":"https:\/\/www.coccigames.com\/#organization"},"potentialAction":[{"@type":"SearchAction","target":{"@type":"EntryPoint","urlTemplate":"https:\/\/www.coccigames.com\/?s={search_term_string}"},"query-input":{"@type":"PropertyValueSpecification","valueRequired":true,"valueName":"search_term_string"}}],"inLanguage":"fr-FR"},{"@type":"Organization","@id":"https:\/\/www.coccigames.com\/#organization","name":"Coccigames","url":"https:\/\/www.coccigames.com\/","logo":{"@type":"ImageObject","inLanguage":"fr-FR","@id":"https:\/\/www.coccigames.com\/#\/schema\/logo\/image\/","url":"https:\/\/www.coccigames.com\/wp-content\/uploads\/2025\/12\/coccigames_logo_v5.png","contentUrl":"https:\/\/www.coccigames.com\/wp-content\/uploads\/2025\/12\/coccigames_logo_v5.png","width":1768,"height":424,"caption":"Coccigames"},"image":{"@id":"https:\/\/www.coccigames.com\/#\/schema\/logo\/image\/"}}]}},"_links":{"self":[{"href":"https:\/\/www.coccigames.com\/index.php\/wp-json\/wp\/v2\/product\/11282","targetHints":{"allow":["GET"]}}],"collection":[{"href":"https:\/\/www.coccigames.com\/index.php\/wp-json\/wp\/v2\/product"}],"about":[{"href":"https:\/\/www.coccigames.com\/index.php\/wp-json\/wp\/v2\/types\/product"}],"replies":[{"embeddable":true,"href":"https:\/\/www.coccigames.com\/index.php\/wp-json\/wp\/v2\/comments?post=11282"}],"wp:featuredmedia":[{"embeddable":true,"href":"https:\/\/www.coccigames.com\/index.php\/wp-json\/wp\/v2\/media\/11643"}],"wp:attachment":[{"href":"https:\/\/www.coccigames.com\/index.php\/wp-json\/wp\/v2\/media?parent=11282"}],"wp:term":[{"taxonomy":"product_brand","embeddable":true,"href":"https:\/\/www.coccigames.com\/index.php\/wp-json\/wp\/v2\/product_brand?post=11282"},{"taxonomy":"product_cat","embeddable":true,"href":"https:\/\/www.coccigames.com\/index.php\/wp-json\/wp\/v2\/product_cat?post=11282"},{"taxonomy":"product_tag","embeddable":true,"href":"https:\/\/www.coccigames.com\/index.php\/wp-json\/wp\/v2\/product_tag?post=11282"}],"curies":[{"name":"wp","href":"https:\/\/api.w.org\/{rel}","templated":true}]}}