{"id":2587,"date":"2025-11-11T04:32:09","date_gmt":"2025-11-11T03:32:09","guid":{"rendered":"http:\/\/192.168.1.237\/workshop\/wp\/?page_id=2587"},"modified":"2025-11-18T03:21:14","modified_gmt":"2025-11-18T02:21:14","slug":"magasin","status":"publish","type":"page","link":"https:\/\/www.coccigames.com\/index.php\/magasin\/","title":{"rendered":"\ud83d\udccd Notre Magasin dans le 31 !"},"content":{"rendered":"\n<p><strong>Retrouvez nos articles directement en magasin !<\/strong><\/p>\n\n\n\n<p>Nous sommes situ\u00e9s \u00e0 l&rsquo;int\u00e9rieur du <strong>Coccinelle Express<\/strong> de <strong>Saint-Geni\u00e8s-Bellevue<\/strong> <strong>31180,<\/strong> <\/p>\n\n\n\n<p>A seulement 5 \u00e0 10 minutes au Nord-Est de<strong> Toulouse<\/strong>.<\/p>\n\n\n\n<p><strong>Horaires d&rsquo;ouverture :<\/strong> Ouvert <strong>tous les jours de l&rsquo;ann\u00e9e<\/strong>, du Lundi au Dimanche, de <strong>8h00 \u00e0 20h00<\/strong>.<\/p>\n\n\n\n<center><iframe src=\"https:\/\/www.google.com\/maps\/embed?pb=!1m18!1m12!1m3!1d2885.4237635511654!2d1.480880805557251!3d43.680952800929575!2m3!1f0!2f0!3f0!3m2!1i1024!2i768!4f13.1!3m3!1m2!1s0x12aea312348d0833%3A0x22c013a8a3718093!2sCOCCIGAMES!5e0!3m2!1sfr!2sfr!4v1762828961225!5m2!1sfr!2sfr\" width=\"600\" height=\"450\" style=\"border:0;\" allowfullscreen=\"\" loading=\"lazy\" referrerpolicy=\"no-referrer-when-downgrade\"><\/iframe><\/center>\n\n\n<div class=\"wp-block-image\">\n<figure class=\"aligncenter size-large is-resized\"><img loading=\"lazy\" decoding=\"async\" width=\"677\" height=\"510\" src=\"https:\/\/coccigames.com\/wp-content\/uploads\/2025\/11\/coccinelle_express_rue.jpg\" alt=\"\" class=\"wp-image-2575\" style=\"width:492px;height:auto\"\/><\/figure>\n<\/div>\n\n<div class=\"wp-block-image\">\n<figure class=\"aligncenter size-large is-resized\"><img loading=\"lazy\" decoding=\"async\" width=\"677\" height=\"510\" src=\"https:\/\/coccigames.com\/wp-content\/uploads\/2025\/11\/coccinelle_express_entree.jpg\" alt=\"\" class=\"wp-image-2581\" style=\"width:490px;height:auto\"\/><\/figure>\n<\/div>","protected":false},"excerpt":{"rendered":"<p>Retrouvez nos articles directement en magasin ! Nous sommes situ\u00e9s \u00e0 l&rsquo;int\u00e9rieur du Coccinelle Express de Saint-Geni\u00e8s-Bellevue 31180, A seulement 5 \u00e0 10 minutes au Nord-Est de Toulouse. Horaires d&rsquo;ouverture : Ouvert tous les jours de l&rsquo;ann\u00e9e, du Lundi au Dimanche, de 8h00 \u00e0 20h00.<\/p>\n","protected":false},"author":1,"featured_media":0,"parent":0,"menu_order":0,"comment_status":"closed","ping_status":"closed","template":"","meta":{"footnotes":""},"class_list":["post-2587","page","type-page","status-publish","hentry"],"yoast_head":"<!-- This site is optimized with the Yoast SEO plugin v26.4 - https:\/\/yoast.com\/wordpress\/plugins\/seo\/ -->\n<title>\ud83d\udccd Notre Magasin dans le 31 ! - Coccigames<\/title>\n<meta name=\"description\" content=\"Retrouvez-nous 7j\/7 de 8h \u00e0 20h \u00e0 Saint-Geni\u00e8s Bellevue. Figurines, peintures, conseils sur place.\" \/>\n<meta name=\"robots\" content=\"index, follow, max-snippet:-1, max-image-preview:large, max-video-preview:-1\" \/>\n<link rel=\"canonical\" href=\"https:\/\/www.coccigames.com\/index.php\/magasin\/\" \/>\n<meta property=\"og:locale\" content=\"fr_FR\" \/>\n<meta property=\"og:type\" content=\"article\" \/>\n<meta property=\"og:title\" content=\"\ud83d\udccd Notre Magasin dans le 31 ! - Coccigames\" \/>\n<meta property=\"og:description\" content=\"Retrouvez-nous 7j\/7 de 8h \u00e0 20h \u00e0 Saint-Geni\u00e8s Bellevue. Figurines, peintures, conseils sur place.\" \/>\n<meta property=\"og:url\" content=\"https:\/\/www.coccigames.com\/index.php\/magasin\/\" \/>\n<meta property=\"og:site_name\" content=\"Coccigames\" \/>\n<meta property=\"article:modified_time\" content=\"2025-11-18T02:21:14+00:00\" \/>\n<meta property=\"og:image\" content=\"https:\/\/www.coccigames.com\/wp-content\/uploads\/2025\/11\/coccinelle_express_rue.jpg\" \/>\n\t<meta property=\"og:image:width\" content=\"677\" \/>\n\t<meta property=\"og:image:height\" content=\"510\" \/>\n\t<meta property=\"og:image:type\" content=\"image\/jpeg\" \/>\n<meta name=\"twitter:card\" content=\"summary_large_image\" \/>\n<meta name=\"twitter:label1\" content=\"Dur\u00e9e de lecture estim\u00e9e\" \/>\n\t<meta name=\"twitter:data1\" content=\"1 minute\" \/>\n<script type=\"application\/ld+json\" class=\"yoast-schema-graph\">{\"@context\":\"https:\/\/schema.org\",\"@graph\":[{\"@type\":\"WebPage\",\"@id\":\"https:\/\/www.coccigames.com\/index.php\/magasin\/\",\"url\":\"https:\/\/www.coccigames.com\/index.php\/magasin\/\",\"name\":\"\ud83d\udccd Notre Magasin dans le 31 ! - Coccigames\",\"isPartOf\":{\"@id\":\"https:\/\/www.coccigames.com\/#website\"},\"primaryImageOfPage\":{\"@id\":\"https:\/\/www.coccigames.com\/index.php\/magasin\/#primaryimage\"},\"image\":{\"@id\":\"https:\/\/www.coccigames.com\/index.php\/magasin\/#primaryimage\"},\"thumbnailUrl\":\"https:\/\/coccigames.com\/wp-content\/uploads\/2025\/11\/coccinelle_express_rue.jpg\",\"datePublished\":\"2025-11-11T03:32:09+00:00\",\"dateModified\":\"2025-11-18T02:21:14+00:00\",\"description\":\"Retrouvez-nous 7j\/7 de 8h \u00e0 20h \u00e0 Saint-Geni\u00e8s Bellevue. Figurines, peintures, conseils sur place.\",\"breadcrumb\":{\"@id\":\"https:\/\/www.coccigames.com\/index.php\/magasin\/#breadcrumb\"},\"inLanguage\":\"fr-FR\",\"potentialAction\":[{\"@type\":\"ReadAction\",\"target\":[\"https:\/\/www.coccigames.com\/index.php\/magasin\/\"]}]},{\"@type\":\"ImageObject\",\"inLanguage\":\"fr-FR\",\"@id\":\"https:\/\/www.coccigames.com\/index.php\/magasin\/#primaryimage\",\"url\":\"https:\/\/coccigames.com\/wp-content\/uploads\/2025\/11\/coccinelle_express_rue.jpg\",\"contentUrl\":\"https:\/\/coccigames.com\/wp-content\/uploads\/2025\/11\/coccinelle_express_rue.jpg\"},{\"@type\":\"BreadcrumbList\",\"@id\":\"https:\/\/www.coccigames.com\/index.php\/magasin\/#breadcrumb\",\"itemListElement\":[{\"@type\":\"ListItem\",\"position\":1,\"name\":\"Accueil\",\"item\":\"https:\/\/www.coccigames.com\/\"},{\"@type\":\"ListItem\",\"position\":2,\"name\":\"\ud83d\udccd Notre Magasin dans le 31 !\"}]},{\"@type\":\"WebSite\",\"@id\":\"https:\/\/www.coccigames.com\/#website\",\"url\":\"https:\/\/www.coccigames.com\/\",\"name\":\"Coccigames - Figurines et Peintures\",\"description\":\"Figurines et Peintures\",\"publisher\":{\"@id\":\"https:\/\/www.coccigames.com\/#organization\"},\"potentialAction\":[{\"@type\":\"SearchAction\",\"target\":{\"@type\":\"EntryPoint\",\"urlTemplate\":\"https:\/\/www.coccigames.com\/?s={search_term_string}\"},\"query-input\":{\"@type\":\"PropertyValueSpecification\",\"valueRequired\":true,\"valueName\":\"search_term_string\"}}],\"inLanguage\":\"fr-FR\"},{\"@type\":\"Organization\",\"@id\":\"https:\/\/www.coccigames.com\/#organization\",\"name\":\"Coccigames\",\"url\":\"https:\/\/www.coccigames.com\/\",\"logo\":{\"@type\":\"ImageObject\",\"inLanguage\":\"fr-FR\",\"@id\":\"https:\/\/www.coccigames.com\/#\/schema\/logo\/image\/\",\"url\":\"https:\/\/www.coccigames.com\/wp-content\/uploads\/2025\/12\/coccigames_logo_v5.png\",\"contentUrl\":\"https:\/\/www.coccigames.com\/wp-content\/uploads\/2025\/12\/coccigames_logo_v5.png\",\"width\":1768,\"height\":424,\"caption\":\"Coccigames\"},\"image\":{\"@id\":\"https:\/\/www.coccigames.com\/#\/schema\/logo\/image\/\"}}]}<\/script>\n<!-- \/ Yoast SEO plugin. -->","yoast_head_json":{"title":"\ud83d\udccd Notre Magasin dans le 31 ! - Coccigames","description":"Retrouvez-nous 7j\/7 de 8h \u00e0 20h \u00e0 Saint-Geni\u00e8s Bellevue. Figurines, peintures, conseils sur place.","robots":{"index":"index","follow":"follow","max-snippet":"max-snippet:-1","max-image-preview":"max-image-preview:large","max-video-preview":"max-video-preview:-1"},"canonical":"https:\/\/www.coccigames.com\/index.php\/magasin\/","og_locale":"fr_FR","og_type":"article","og_title":"\ud83d\udccd Notre Magasin dans le 31 ! - Coccigames","og_description":"Retrouvez-nous 7j\/7 de 8h \u00e0 20h \u00e0 Saint-Geni\u00e8s Bellevue. Figurines, peintures, conseils sur place.","og_url":"https:\/\/www.coccigames.com\/index.php\/magasin\/","og_site_name":"Coccigames","article_modified_time":"2025-11-18T02:21:14+00:00","og_image":[{"width":677,"height":510,"url":"https:\/\/www.coccigames.com\/wp-content\/uploads\/2025\/11\/coccinelle_express_rue.jpg","type":"image\/jpeg"}],"twitter_card":"summary_large_image","twitter_misc":{"Dur\u00e9e de lecture estim\u00e9e":"1 minute"},"schema":{"@context":"https:\/\/schema.org","@graph":[{"@type":"WebPage","@id":"https:\/\/www.coccigames.com\/index.php\/magasin\/","url":"https:\/\/www.coccigames.com\/index.php\/magasin\/","name":"\ud83d\udccd Notre Magasin dans le 31 ! - Coccigames","isPartOf":{"@id":"https:\/\/www.coccigames.com\/#website"},"primaryImageOfPage":{"@id":"https:\/\/www.coccigames.com\/index.php\/magasin\/#primaryimage"},"image":{"@id":"https:\/\/www.coccigames.com\/index.php\/magasin\/#primaryimage"},"thumbnailUrl":"https:\/\/coccigames.com\/wp-content\/uploads\/2025\/11\/coccinelle_express_rue.jpg","datePublished":"2025-11-11T03:32:09+00:00","dateModified":"2025-11-18T02:21:14+00:00","description":"Retrouvez-nous 7j\/7 de 8h \u00e0 20h \u00e0 Saint-Geni\u00e8s Bellevue. Figurines, peintures, conseils sur place.","breadcrumb":{"@id":"https:\/\/www.coccigames.com\/index.php\/magasin\/#breadcrumb"},"inLanguage":"fr-FR","potentialAction":[{"@type":"ReadAction","target":["https:\/\/www.coccigames.com\/index.php\/magasin\/"]}]},{"@type":"ImageObject","inLanguage":"fr-FR","@id":"https:\/\/www.coccigames.com\/index.php\/magasin\/#primaryimage","url":"https:\/\/coccigames.com\/wp-content\/uploads\/2025\/11\/coccinelle_express_rue.jpg","contentUrl":"https:\/\/coccigames.com\/wp-content\/uploads\/2025\/11\/coccinelle_express_rue.jpg"},{"@type":"BreadcrumbList","@id":"https:\/\/www.coccigames.com\/index.php\/magasin\/#breadcrumb","itemListElement":[{"@type":"ListItem","position":1,"name":"Accueil","item":"https:\/\/www.coccigames.com\/"},{"@type":"ListItem","position":2,"name":"\ud83d\udccd Notre Magasin dans le 31 !"}]},{"@type":"WebSite","@id":"https:\/\/www.coccigames.com\/#website","url":"https:\/\/www.coccigames.com\/","name":"Coccigames - Figurines et Peintures","description":"Figurines et Peintures","publisher":{"@id":"https:\/\/www.coccigames.com\/#organization"},"potentialAction":[{"@type":"SearchAction","target":{"@type":"EntryPoint","urlTemplate":"https:\/\/www.coccigames.com\/?s={search_term_string}"},"query-input":{"@type":"PropertyValueSpecification","valueRequired":true,"valueName":"search_term_string"}}],"inLanguage":"fr-FR"},{"@type":"Organization","@id":"https:\/\/www.coccigames.com\/#organization","name":"Coccigames","url":"https:\/\/www.coccigames.com\/","logo":{"@type":"ImageObject","inLanguage":"fr-FR","@id":"https:\/\/www.coccigames.com\/#\/schema\/logo\/image\/","url":"https:\/\/www.coccigames.com\/wp-content\/uploads\/2025\/12\/coccigames_logo_v5.png","contentUrl":"https:\/\/www.coccigames.com\/wp-content\/uploads\/2025\/12\/coccigames_logo_v5.png","width":1768,"height":424,"caption":"Coccigames"},"image":{"@id":"https:\/\/www.coccigames.com\/#\/schema\/logo\/image\/"}}]}},"_links":{"self":[{"href":"https:\/\/www.coccigames.com\/index.php\/wp-json\/wp\/v2\/pages\/2587","targetHints":{"allow":["GET"]}}],"collection":[{"href":"https:\/\/www.coccigames.com\/index.php\/wp-json\/wp\/v2\/pages"}],"about":[{"href":"https:\/\/www.coccigames.com\/index.php\/wp-json\/wp\/v2\/types\/page"}],"author":[{"embeddable":true,"href":"https:\/\/www.coccigames.com\/index.php\/wp-json\/wp\/v2\/users\/1"}],"replies":[{"embeddable":true,"href":"https:\/\/www.coccigames.com\/index.php\/wp-json\/wp\/v2\/comments?post=2587"}],"version-history":[{"count":7,"href":"https:\/\/www.coccigames.com\/index.php\/wp-json\/wp\/v2\/pages\/2587\/revisions"}],"predecessor-version":[{"id":4907,"href":"https:\/\/www.coccigames.com\/index.php\/wp-json\/wp\/v2\/pages\/2587\/revisions\/4907"}],"wp:attachment":[{"href":"https:\/\/www.coccigames.com\/index.php\/wp-json\/wp\/v2\/media?parent=2587"}],"curies":[{"name":"wp","href":"https:\/\/api.w.org\/{rel}","templated":true}]}}